{"id":18262,"date":"2023-10-09T15:03:43","date_gmt":"2023-10-09T15:03:43","guid":{"rendered":"https:\/\/realeast.biz\/ru\/?page_id=18262"},"modified":"2025-04-21T14:57:54","modified_gmt":"2025-04-21T14:57:54","slug":"kvartiry-v-stambule","status":"publish","type":"page","link":"https:\/\/realeast.biz\/tr\/kvartiry-v-stambule\/","title":{"rendered":"\u0130stanbul&#039;da daireler: sat\u0131n al\u0131nacak dokuz se\u00e7enek"},"content":{"rendered":"<h2>\u0130stanbul&#8217;da daire al\u0131rken dikkate al\u0131nmas\u0131 gereken fakt\u00f6rler<\/h2>\n<h3>Yerle\u015fme<\/h3>\n<p>\u0130stanbul&#8217;da mahalle se\u00e7imi ya\u015fam tarz\u0131n\u0131za ve b\u00fct\u00e7enize ba\u011fl\u0131d\u0131r. Baz\u0131lar\u0131 iyi ekolojiye sahip sessiz b\u00f6lgeleri tercih ederken, di\u011ferleri aktif bir i\u015f ve k\u00fclt\u00fcrel hayata sahip bir \u015fehir merkezini tercih ediyor. Be\u015fikta\u015f ve \u015ei\u015fli gibi Avrupa yakas\u0131ndaki mahalleler i\u015f merkezlerine ve k\u00fclt\u00fcrel an\u0131tlara yak\u0131nl\u0131k sunmaktad\u0131r.<\/p>\n<h3>Fiyat<\/h3>\n<p>\u0130stanbul&#8217;daki dairelerin maliyeti bir\u00e7ok fakt\u00f6re ba\u011fl\u0131 olarak de\u011fi\u015fmektedir: mahalle, meydan, olanaklar\u0131n mevcudiyeti vb. \u0130stenen fiyat\u0131 belirlemek i\u00e7in piyasan\u0131n kapsaml\u0131 bir analizinin yap\u0131lmas\u0131 \u00f6nemlidir. Bir dairenin ortalama maliyeti, mahalleye ve dairenin t\u00fcr\u00fcne ba\u011fl\u0131 olarak 110.000 $ ile 300.000 $ aras\u0131nda de\u011fi\u015febilir.<\/p>\n<h3>Konforlar<\/h3>\n<p>\u0130stanbul&#8217;daki modern konut kompleksleri genellikle \u00e7e\u015fitli olanaklar sunar: y\u00fczme havuzlar\u0131, spor salonlar\u0131, oyun alanlar\u0131 ve hatta kendi d\u00fckkanlar\u0131. Baz\u0131 kompleksler sinema salonlar\u0131, kapl\u0131calar ve hatta mini golf gibi benzersiz olanaklar sunmaktad\u0131r.<\/p>\n<h3>Yasal y\u00f6nler<\/h3>\n<p>T\u00fcrkiye&#8217;de bir daire sat\u0131n al\u0131rken yerel mevzuat\u0131 dikkate almak gerekir. T\u00fcm formalitelere uymak i\u00e7in lisansl\u0131 kurumlara ve avukatlara ba\u015fvurman\u0131z \u00f6nerilir. Belirli yat\u0131r\u0131m ko\u015fullar\u0131 alt\u0131nda T\u00fcrk vatanda\u015fl\u0131\u011f\u0131 alma olas\u0131l\u0131\u011f\u0131n\u0131n fark\u0131nda olmak \u00f6nemlidir.<\/p>\n<p><img fetchpriority=\"high\" decoding=\"async\" class=\"aligncenter wp-image-18213 size-full\" src=\"https:\/\/realeast.biz\/wp-content\/uploads\/2023\/10\/whatsapp-image-2023-10-02-at-13.18.47-1.jpeg\" alt=\"\" width=\"1600\" height=\"900\" srcset=\"https:\/\/realeast.biz\/wp-content\/uploads\/2023\/10\/whatsapp-image-2023-10-02-at-13.18.47-1.jpeg 1600w, https:\/\/realeast.biz\/wp-content\/uploads\/2023\/10\/whatsapp-image-2023-10-02-at-13.18.47-1-300x169.jpeg 300w\" sizes=\"(max-width: 1600px) 100vw, 1600px\" \/><\/p>\n<h2>\u0130stanbul&#8217;da daire sat\u0131n almak i\u00e7in pop\u00fcler alanlar<\/h2>\n<h3>Be\u015fikta\u015f<\/h3>\n<p>B\u00f6lge, aktif i\u015f hayat\u0131 ve denize yak\u0131nl\u0131\u011f\u0131 ile \u00fcnl\u00fcd\u00fcr. Burada bir\u00e7ok kafe, restoran ve ma\u011faza bulacaks\u0131n\u0131z. <a>Be\u015fikta\u015f<\/a> Ayn\u0131 zamanda bir\u00e7ok tarihi an\u0131t ve parka ev sahipli\u011fi yapar ve bu da onu aile konaklamas\u0131 i\u00e7in ideal k\u0131lar.<\/p>\n<h3>Kad\u0131k\u00f6y<\/h3>\n<p>\u0130stanbul&#8217;un Asya yakas\u0131nda yer alan bu b\u00f6lge, k\u00fclt\u00fcrel ya\u015fam\u0131 ve uygun fiyatl\u0131 daireleriyle dikkat \u00e7ekiyor. <a>Kad\u0131k\u00f6y<\/a> Zengin bir k\u00fclt\u00fcrel program sunan pazarlar\u0131, sanat galerileri ve m\u00fczik mekanlar\u0131 ile tan\u0131n\u0131r.<\/p>\n<h3>\u015ei\u015fli<\/h3>\n<p>Sessiz atmosferi ve kaliteli gayrimenkulleriyle dikkat \u00e7eken \u0130stanbul&#8217;un en ye\u015fil semtlerinden biri. <a>\u015ei\u015fli<\/a> \u015eehir hayat\u0131n\u0131n olanaklar\u0131ndan \u00f6d\u00fcn vermeden huzur arayanlar i\u00e7in idealdir.<\/p>\n    <div class=\"text_page_citizenship\">\n        <div class=\"col-lg-6 col-md-6 col-sm-12 no-padding trans-40\">\n            <figure>\n                <img decoding=\"async\" src=\"https:\/\/realeast.biz\/wp-content\/themes\/real\/assets\/img\/cheklist-3.jpg\" alt=\"\">\n            <\/figure>\n        <\/div>\n        <div class=\"col-md-lg col-md-6 col-sm-12 pad-30\">\n            <h2 style=\"margin: 35px 0 20px;\">\u2705 \u0130stanbul'da Rus\u00e7a konu\u015fulan mahallelerin kar\u015f\u0131la\u015ft\u0131r\u0131lmas\u0131<\/h2>\n            <p>Kontrol listesini indirin. \u00dccretsiz!<\/p>\n            <div class=\"button-blick\">\n                <a id=\"cheklist4-link\" target=\"_blank\">\n                    <button class=\"open_cheklist4\">Kontrol listesini indir<\/button>\n                <\/a>\n            <\/div>\n\t\t\t<p style=\"font-size:10px;margin-top:10px;line-height:1;\">\n\t\t\t\t<em>*RealEast, oturma izni veya vatanda\u015fl\u0131k al\u0131naca\u011f\u0131n\u0131 garanti etmez ve gayrimenkul yat\u0131r\u0131mlar\u0131n\u0131n k\u00e2rl\u0131l\u0131\u011f\u0131n\u0131 da garanti etmez. Oturma izni ve vatanda\u015fl\u0131k verilmesine ili\u015fkin kararlar yaln\u0131zca ilgili \u00fclkenin yetkili devlet kurumlar\u0131 taraf\u0131ndan al\u0131n\u0131r. Stat\u00fc elde etme imk\u00e2nlar\u0131 veya gayrimenkullerin yat\u0131r\u0131m potansiyeline ili\u015fkin t\u00fcm bilgiler yaln\u0131zca bilgilendirme ama\u00e7l\u0131d\u0131r ve herhangi bir sonucun garanti edildi\u011fi anlam\u0131na gelmez.<\/em>\n\t\t\t<\/p>\n\t\t<\/div>\n    <\/div>\n    <script>\n        document.addEventListener('DOMContentLoaded', function() {\n            const locale = window.location.pathname.split('\/')[1];\n            const link = document.getElementById('cheklist4-link');\n            link.href = `https:\/\/realeast.biz\/land\/${locale}\/chl\/?utm_source=realeastbiz&utm_medium=cheklist4`;\n        });\n    <\/script>\n    \n<h2>\u0130stanbul&#8217;daki yeni apartman projelerine genel bak\u0131\u015f<\/h2>\n<p>\u0130stanbul&#8217;da s\u00fcrekli yeni konut kompleksleri in\u015fa ediliyor. Modern olanaklar ve uygun taksit ko\u015fullar\u0131 sunarlar. Hatta baz\u0131lar\u0131 m\u00fclk sat\u0131n al\u0131rken T\u00fcrk vatanda\u015fl\u0131\u011f\u0131 almak i\u00e7in programlar bile sunuyor. Bu projeler genellikle ye\u015fil teknolojileri ve s\u00fcrd\u00fcr\u00fclebilir malzemeleri i\u00e7ererek onlar\u0131 bilin\u00e7li al\u0131c\u0131lar i\u00e7in \u00e7ekici k\u0131lar.<\/p>\n<h2>\u0130stanbul&#8217;da dairelere yat\u0131r\u0131m f\u0131rsatlar\u0131<\/h2>\n<p>\u0130stanbul&#8217;daki daireler m\u00fckemmel yat\u0131r\u0131m f\u0131rsatlar\u0131 sunmaktad\u0131r. Artan emlak fiyatlar\u0131 ve y\u00fcksek kira talebi g\u00f6z \u00f6n\u00fcne al\u0131nd\u0131\u011f\u0131nda, bir daire sat\u0131n almak karl\u0131 bir yat\u0131r\u0131m olabilir. \u0130stanbul y\u00fcksek i\u015f faaliyetine sahiptir ve istikrarl\u0131 bir kiralama talebi sa\u011flayan pop\u00fcler bir turizm merkezidir.<\/p>\n<p><img decoding=\"async\" class=\"aligncenter wp-image-18194 size-full\" src=\"https:\/\/realeast.biz\/wp-content\/uploads\/2023\/10\/whatsapp-image-2023-10-02-at-13.06.22.jpeg\" alt=\"\" width=\"1600\" height=\"1201\" srcset=\"https:\/\/realeast.biz\/wp-content\/uploads\/2023\/10\/whatsapp-image-2023-10-02-at-13.06.22.jpeg?v=1696247183 1600w, https:\/\/realeast.biz\/wp-content\/uploads\/2023\/10\/whatsapp-image-2023-10-02-at-13.06.22-300x225.jpeg?v=1696247183 300w, https:\/\/realeast.biz\/wp-content\/uploads\/2023\/10\/whatsapp-image-2023-10-02-at-13.06.22-1024x769.jpeg?v=1696247183 1024w, https:\/\/realeast.biz\/wp-content\/uploads\/2023\/10\/whatsapp-image-2023-10-02-at-13.06.22-768x576.jpeg?v=1696247183 768w, https:\/\/realeast.biz\/wp-content\/uploads\/2023\/10\/whatsapp-image-2023-10-02-at-13.06.22-1536x1153.jpeg?v=1696247183 1536w\" sizes=\"(max-width: 1600px) 100vw, 1600px\" \/><\/p>\n<h2>\u0130stanbul&#8217;da daire sat\u0131n almak i\u00e7in ad\u0131m ad\u0131m rehber<\/h2>\n<ol>\n<li><strong>Pazar Ara\u015ft\u0131rmas\u0131<\/strong>: G\u00fcvenilir kaynaklar\u0131 kullanarak ve uzmanlarla dan\u0131\u015farak ara\u015ft\u0131rman\u0131z\u0131 yap\u0131n.<\/li>\n<li><strong>B\u00f6lge ve tesis se\u00e7imi<\/strong>: Hangi mahallenin ve daire tipinin size uygun oldu\u011funu belirleyin. M\u00fckemmel uyumu bulmak i\u00e7in farkl\u0131 stilleri ve d\u00fczenleri g\u00f6z \u00f6n\u00fcnde bulundurun.<\/li>\n<li><strong>Belgelerin do\u011frulanmas\u0131<\/strong>: Sat\u0131c\u0131n\u0131n gerekli t\u00fcm belgelere sahip oldu\u011fundan emin olun. Buna m\u00fclkiyet hakk\u0131, in\u015faat ruhsatlar\u0131 ve di\u011fer yasal belgeler dahildir.<\/li>\n<li><strong>\u0130\u015flemin kayd\u0131<\/strong>: T\u00fcm detaylar\u0131 kontrol ettikten sonra evrak i\u015flerine ge\u00e7in. Bu a\u015fama, bir sat\u0131\u015f s\u00f6zle\u015fmesinin imzalanmas\u0131n\u0131, vergilerin \u00f6denmesini ve i\u015flemin kaydedilmesini i\u00e7erebilir.<\/li>\n<\/ol>\n<h2>Daha iyi pazarl\u0131k i\u00e7in ipu\u00e7lar\u0131<\/h2>\n<p>\u0130stanbul&#8217;da daire al\u0131rken pazarl\u0131k yapmaktan \u00e7ekinmeyin. Bazen indirim veya ek olanaklar elde etmek m\u00fcmk\u00fcnd\u00fcr. Daha iyi sonu\u00e7lar i\u00e7in profesyonel bir emlak\u00e7\u0131n\u0131n hizmetlerini kullanman\u0131z da \u00f6nerilir. \u0130lk yat\u0131r\u0131m\u0131n\u0131z\u0131 \u00f6nemli \u00f6l\u00e7\u00fcde azaltabilecek finansman veya taksit alma olas\u0131l\u0131\u011f\u0131n\u0131 unutmay\u0131n.<\/p>\n","protected":false},"excerpt":{"rendered":"<p>\u0130stanbul&#8217;da daire al\u0131rken dikkate al\u0131nmas\u0131 gereken fakt\u00f6rler Yerle\u015fme \u0130stanbul&#8217;da mahalle se\u00e7imi ya\u015fam tarz\u0131n\u0131za ve b\u00fct\u00e7enize ba\u011fl\u0131d\u0131r. Baz\u0131lar\u0131 iyi ekolojiye sahip sessiz b\u00f6lgeleri tercih ederken, di\u011ferleri aktif bir i\u015f ve k\u00fclt\u00fcrel hayata sahip bir \u015fehir merkezini tercih ediyor. Be\u015fikta\u015f ve \u015ei\u015fli gibi Avrupa yakas\u0131ndaki mahalleler i\u015f merkezlerine ve k\u00fclt\u00fcrel an\u0131tlara yak\u0131nl\u0131k sunmaktad\u0131r. Fiyat \u0130stanbul&#8217;daki dairelerin maliyeti [&hellip;]<\/p>\n","protected":false},"author":1,"featured_media":0,"parent":0,"menu_order":0,"comment_status":"closed","ping_status":"closed","template":"landing.php","meta":{"footnotes":""},"class_list":["post-18262","page","type-page","status-publish","hentry"],"acf":[],"rankMath":{"parentDomain":"realeast.biz","noFollowDomains":[],"noFollowExcludeDomains":[],"noFollowExternalLinks":true,"featuredImageNotice":"\u00d6ne \u00e7\u0131kan g\u00f6rsel, Facebook ve di\u011fer sosyal medya siteleri taraf\u0131ndan al\u0131nabilmesi i\u00e7in en az 200 x 200 piksel olmal\u0131d\u0131r.","pluginReviewed":true,"postSettings":{"linkSuggestions":"[:ru]on[:]","useFocusKeyword":false},"frontEndScore":false,"postName":"kvartiry-v-stambule","permalinkFormat":"https:\/\/realeast.biz\/tr\/kvartiry-v-stambule\/","showLockModifiedDate":true,"assessor":{"focusKeywordLink":"https:\/\/realeast.biz\/wp-admin\/edit.php?focus_keyword=%focus_keyword%&post_type=%post_type%","hasTOCPlugin":true,"primaryTaxonomy":false,"serpData":{"title":"%title% %sep% T\u00fcrkiye'de, Suudi Arabistan ve Dubai'de gayrimenkul","description":"\u0130stanbul'daki dairelerin maliyeti bir\u00e7ok fakt\u00f6re ba\u011fl\u0131 olarak de\u011fi\u015fmektedir: mahalle, meydan, olanaklar\u0131n mevcudiyeti vb. \u0130stenen fiyat\u0131 belirlemek i\u00e7in piyasan\u0131n kapsaml\u0131 bir analizinin yap\u0131lmas\u0131 \u00f6nemlidir. Bir dairenin ortalama maliyeti, mahalleye ve dairenin t\u00fcr\u00fcne ba\u011fl\u0131 olarak 110.000 $ ile 300.000 $ aras\u0131nda de\u011fi\u015febilir.","focusKeywords":"","pillarContent":false,"canonicalUrl":"","breadcrumbTitle":"","advancedRobots":{"max-snippet":false,"max-video-preview":false,"max-image-preview":false},"facebookTitle":"","facebookDescription":"","facebookImage":"","facebookImageID":"","facebookHasOverlay":false,"facebookImageOverlay":"","facebookAuthor":"","twitterCardType":"","twitterUseFacebook":true,"twitterTitle":"","twitterDescription":"","twitterImage":"","twitterImageID":"","twitterHasOverlay":false,"twitterImageOverlay":"","twitterPlayerUrl":"","twitterPlayerSize":"","twitterPlayerStream":"","twitterPlayerStreamCtype":"","twitterAppDescription":"","twitterAppIphoneName":"","twitterAppIphoneID":"","twitterAppIphoneUrl":"","twitterAppIpadName":"","twitterAppIpadID":"","twitterAppIpadUrl":"","twitterAppGoogleplayName":"","twitterAppGoogleplayID":"","twitterAppGoogleplayUrl":"","twitterAppCountry":"","robots":{"index":true},"twitterAuthor":"kullan\u0131c\u0131 ad\u0131","primaryTerm":0,"authorName":"admin","titleTemplate":"[:ru]%title_custom% %sep% Real East[:]","descriptionTemplate":"[:ru]%excerpt_custom%[:]","showScoreFrontend":true,"lockModifiedDate":false},"powerWords":[],"diacritics":{"A":"[\\u0041\\u24B6\\uFF21\\u00C0\\u00C1\\u00C2\\u1EA6\\u1EA4\\u1EAA\\u1EA8\\u00C3\\u0100\\u0102\\u1EB0\\u1EAE\\u1EB4\\u1EB2\\u0226\\u01E0\\u00C4\\u01DE\\u1EA2\\u00C5\\u01FA\\u01CD\\u0200\\u0202\\u1EA0\\u1EAC\\u1EB6\\u1E00\\u0104\\u023A\\u2C6F]","AA":"[\\uA732]","AE":"[\\u00C6\\u01FC\\u01E2]","AO":"[\\uA734]","AU":"[\\uA736]","AV":"[\\uA738\\uA73A]","AY":"[\\uA73C]","B":"[\\u0042\\u24B7\\uFF22\\u1E02\\u1E04\\u1E06\\u0243\\u0182\\u0181]","C":"[\\u0043\\u24B8\\uFF23\\u0106\\u0108\\u010A\\u010C\\u00C7\\u1E08\\u0187\\u023B\\uA73E]","D":"[\\u0044\\u24B9\\uFF24\\u1E0A\\u010E\\u1E0C\\u1E10\\u1E12\\u1E0E\\u0110\\u018B\\u018A\\u0189\\uA779]","DZ":"[\\u01F1\\u01C4]","Dz":"[\\u01F2\\u01C5]","E":"[\\u0045\\u24BA\\uFF25\\u00C8\\u00C9\\u00CA\\u1EC0\\u1EBE\\u1EC4\\u1EC2\\u1EBC\\u0112\\u1E14\\u1E16\\u0114\\u0116\\u00CB\\u1EBA\\u011A\\u0204\\u0206\\u1EB8\\u1EC6\\u0228\\u1E1C\\u0118\\u1E18\\u1E1A\\u0190\\u018E]","F":"[\\u0046\\u24BB\\uFF26\\u1E1E\\u0191\\uA77B]","G":"[\\u0047\\u24BC\\uFF27\\u01F4\\u011C\\u1E20\\u011E\\u0120\\u01E6\\u0122\\u01E4\\u0193\\uA7A0\\uA77D\\uA77E]","H":"[\\u0048\\u24BD\\uFF28\\u0124\\u1E22\\u1E26\\u021E\\u1E24\\u1E28\\u1E2A\\u0126\\u2C67\\u2C75\\uA78D]","I":"[\\u0049\\u24BE\\uFF29\\u00CC\\u00CD\\u00CE\\u0128\\u012A\\u012C\\u0130\\u00CF\\u1E2E\\u1EC8\\u01CF\\u0208\\u020A\\u1ECA\\u012E\\u1E2C\\u0197]","J":"[\\u004A\\u24BF\\uFF2A\\u0134\\u0248]","K":"[\\u004B\\u24C0\\uFF2B\\u1E30\\u01E8\\u1E32\\u0136\\u1E34\\u0198\\u2C69\\uA740\\uA742\\uA744\\uA7A2]","L":"[\\u004C\\u24C1\\uFF2C\\u013F\\u0139\\u013D\\u1E36\\u1E38\\u013B\\u1E3C\\u1E3A\\u0141\\u023D\\u2C62\\u2C60\\uA748\\uA746\\uA780]","LJ":"[\\u01C7]","Lj":"[\\u01C8]","M":"[\\u004D\\u24C2\\uFF2D\\u1E3E\\u1E40\\u1E42\\u2C6E\\u019C]","N":"[\\u004E\\u24C3\\uFF2E\\u01F8\\u0143\\u00D1\\u1E44\\u0147\\u1E46\\u0145\\u1E4A\\u1E48\\u0220\\u019D\\uA790\\uA7A4]","NJ":"[\\u01CA]","Nj":"[\\u01CB]","O":"[\\u004F\\u24C4\\uFF2F\\u00D2\\u00D3\\u00D4\\u1ED2\\u1ED0\\u1ED6\\u1ED4\\u00D5\\u1E4C\\u022C\\u1E4E\\u014C\\u1E50\\u1E52\\u014E\\u022E\\u0230\\u00D6\\u022A\\u1ECE\\u0150\\u01D1\\u020C\\u020E\\u01A0\\u1EDC\\u1EDA\\u1EE0\\u1EDE\\u1EE2\\u1ECC\\u1ED8\\u01EA\\u01EC\\u00D8\\u01FE\\u0186\\u019F\\uA74A\\uA74C]","OI":"[\\u01A2]","OO":"[\\uA74E]","OU":"[\\u0222]","P":"[\\u0050\\u24C5\\uFF30\\u1E54\\u1E56\\u01A4\\u2C63\\uA750\\uA752\\uA754]","Q":"[\\u0051\\u24C6\\uFF31\\uA756\\uA758\\u024A]","R":"[\\u0052\\u24C7\\uFF32\\u0154\\u1E58\\u0158\\u0210\\u0212\\u1E5A\\u1E5C\\u0156\\u1E5E\\u024C\\u2C64\\uA75A\\uA7A6\\uA782]","S":"[\\u0053\\u24C8\\uFF33\\u1E9E\\u015A\\u1E64\\u015C\\u1E60\\u0160\\u1E66\\u1E62\\u1E68\\u0218\\u015E\\u2C7E\\uA7A8\\uA784]","T":"[\\u0054\\u24C9\\uFF34\\u1E6A\\u0164\\u1E6C\\u021A\\u0162\\u1E70\\u1E6E\\u0166\\u01AC\\u01AE\\u023E\\uA786]","TZ":"[\\uA728]","U":"[\\u0055\\u24CA\\uFF35\\u00D9\\u00DA\\u00DB\\u0168\\u1E78\\u016A\\u1E7A\\u016C\\u00DC\\u01DB\\u01D7\\u01D5\\u01D9\\u1EE6\\u016E\\u0170\\u01D3\\u0214\\u0216\\u01AF\\u1EEA\\u1EE8\\u1EEE\\u1EEC\\u1EF0\\u1EE4\\u1E72\\u0172\\u1E76\\u1E74\\u0244]","V":"[\\u0056\\u24CB\\uFF36\\u1E7C\\u1E7E\\u01B2\\uA75E\\u0245]","VY":"[\\uA760]","W":"[\\u0057\\u24CC\\uFF37\\u1E80\\u1E82\\u0174\\u1E86\\u1E84\\u1E88\\u2C72]","X":"[\\u0058\\u24CD\\uFF38\\u1E8A\\u1E8C]","Y":"[\\u0059\\u24CE\\uFF39\\u1EF2\\u00DD\\u0176\\u1EF8\\u0232\\u1E8E\\u0178\\u1EF6\\u1EF4\\u01B3\\u024E\\u1EFE]","Z":"[\\u005A\\u24CF\\uFF3A\\u0179\\u1E90\\u017B\\u017D\\u1E92\\u1E94\\u01B5\\u0224\\u2C7F\\u2C6B\\uA762]","a":"[\\u0061\\u24D0\\uFF41\\u1E9A\\u00E0\\u00E1\\u00E2\\u1EA7\\u1EA5\\u1EAB\\u1EA9\\u00E3\\u0101\\u0103\\u1EB1\\u1EAF\\u1EB5\\u1EB3\\u0227\\u01E1\\u00E4\\u01DF\\u1EA3\\u00E5\\u01FB\\u01CE\\u0201\\u0203\\u1EA1\\u1EAD\\u1EB7\\u1E01\\u0105\\u2C65\\u0250]","aa":"[\\uA733]","ae":"[\\u00E6\\u01FD\\u01E3]","ao":"[\\uA735]","au":"[\\uA737]","av":"[\\uA739\\uA73B]","ay":"[\\uA73D]","b":"[\\u0062\\u24D1\\uFF42\\u1E03\\u1E05\\u1E07\\u0180\\u0183\\u0253]","c":"[\\u0063\\u24D2\\uFF43\\u0107\\u0109\\u010B\\u010D\\u00E7\\u1E09\\u0188\\u023C\\uA73F\\u2184]","d":"[\\u0064\\u24D3\\uFF44\\u1E0B\\u010F\\u1E0D\\u1E11\\u1E13\\u1E0F\\u0111\\u018C\\u0256\\u0257\\uA77A]","dz":"[\\u01F3\\u01C6]","e":"[\\u0065\\u24D4\\uFF45\\u00E8\\u00E9\\u00EA\\u1EC1\\u1EBF\\u1EC5\\u1EC3\\u1EBD\\u0113\\u1E15\\u1E17\\u0115\\u0117\\u00EB\\u1EBB\\u011B\\u0205\\u0207\\u1EB9\\u1EC7\\u0229\\u1E1D\\u0119\\u1E19\\u1E1B\\u0247\\u025B\\u01DD]","f":"[\\u0066\\u24D5\\uFF46\\u1E1F\\u0192\\uA77C]","g":"[\\u0067\\u24D6\\uFF47\\u01F5\\u011D\\u1E21\\u011F\\u0121\\u01E7\\u0123\\u01E5\\u0260\\uA7A1\\u1D79\\uA77F]","h":"[\\u0068\\u24D7\\uFF48\\u0125\\u1E23\\u1E27\\u021F\\u1E25\\u1E29\\u1E2B\\u1E96\\u0127\\u2C68\\u2C76\\u0265]","hv":"[\\u0195]","i":"[\\u0069\\u24D8\\uFF49\\u00EC\\u00ED\\u00EE\\u0129\\u012B\\u012D\\u00EF\\u1E2F\\u1EC9\\u01D0\\u0209\\u020B\\u1ECB\\u012F\\u1E2D\\u0268\\u0131]","j":"[\\u006A\\u24D9\\uFF4A\\u0135\\u01F0\\u0249]","k":"[\\u006B\\u24DA\\uFF4B\\u1E31\\u01E9\\u1E33\\u0137\\u1E35\\u0199\\u2C6A\\uA741\\uA743\\uA745\\uA7A3]","l":"[\\u006C\\u24DB\\uFF4C\\u0140\\u013A\\u013E\\u1E37\\u1E39\\u013C\\u1E3D\\u1E3B\\u017F\\u0142\\u019A\\u026B\\u2C61\\uA749\\uA781\\uA747]","lj":"[\\u01C9]","m":"[\\u006D\\u24DC\\uFF4D\\u1E3F\\u1E41\\u1E43\\u0271\\u026F]","n":"[\\u006E\\u24DD\\uFF4E\\u01F9\\u0144\\u00F1\\u1E45\\u0148\\u1E47\\u0146\\u1E4B\\u1E49\\u019E\\u0272\\u0149\\uA791\\uA7A5]","nj":"[\\u01CC]","o":"[\\u006F\\u24DE\\uFF4F\\u00F2\\u00F3\\u00F4\\u1ED3\\u1ED1\\u1ED7\\u1ED5\\u00F5\\u1E4D\\u022D\\u1E4F\\u014D\\u1E51\\u1E53\\u014F\\u022F\\u0231\\u00F6\\u022B\\u1ECF\\u0151\\u01D2\\u020D\\u020F\\u01A1\\u1EDD\\u1EDB\\u1EE1\\u1EDF\\u1EE3\\u1ECD\\u1ED9\\u01EB\\u01ED\\u00F8\\u01FF\\u0254\\uA74B\\uA74D\\u0275]","oi":"[\\u01A3]","ou":"[\\u0223]","oo":"[\\uA74F]","p":"[\\u0070\\u24DF\\uFF50\\u1E55\\u1E57\\u01A5\\u1D7D\\uA751\\uA753\\uA755]","q":"[\\u0071\\u24E0\\uFF51\\u024B\\uA757\\uA759]","r":"[\\u0072\\u24E1\\uFF52\\u0155\\u1E59\\u0159\\u0211\\u0213\\u1E5B\\u1E5D\\u0157\\u1E5F\\u024D\\u027D\\uA75B\\uA7A7\\uA783]","s":"[\\u0073\\u24E2\\uFF53\\u015B\\u1E65\\u015D\\u1E61\\u0161\\u1E67\\u1E63\\u1E69\\u0219\\u015F\\u023F\\uA7A9\\uA785\\u1E9B]","ss":"[\\u00DF]","t":"[\\u0074\\u24E3\\uFF54\\u1E6B\\u1E97\\u0165\\u1E6D\\u021B\\u0163\\u1E71\\u1E6F\\u0167\\u01AD\\u0288\\u2C66\\uA787]","tz":"[\\uA729]","u":"[\\u0075\\u24E4\\uFF55\\u00F9\\u00FA\\u00FB\\u0169\\u1E79\\u016B\\u1E7B\\u016D\\u00FC\\u01DC\\u01D8\\u01D6\\u01DA\\u1EE7\\u016F\\u0171\\u01D4\\u0215\\u0217\\u01B0\\u1EEB\\u1EE9\\u1EEF\\u1EED\\u1EF1\\u1EE5\\u1E73\\u0173\\u1E77\\u1E75\\u0289]","v":"[\\u0076\\u24E5\\uFF56\\u1E7D\\u1E7F\\u028B\\uA75F\\u028C]","vy":"[\\uA761]","w":"[\\u0077\\u24E6\\uFF57\\u1E81\\u1E83\\u0175\\u1E87\\u1E85\\u1E98\\u1E89\\u2C73]","x":"[\\u0078\\u24E7\\uFF58\\u1E8B\\u1E8D]","y":"[\\u0079\\u24E8\\uFF59\\u1EF3\\u00FD\\u0177\\u1EF9\\u0233\\u1E8F\\u00FF\\u1EF7\\u1E99\\u1EF5\\u01B4\\u024F\\u1EFF]","z":"[\\u007A\\u24E9\\uFF5A\\u017A\\u1E91\\u017C\\u017E\\u1E93\\u1E95\\u01B6\\u0225\\u0240\\u2C6C\\uA763]"},"researchesTests":["contentHasTOC","contentHasShortParagraphs","contentHasAssets","keywordInTitle","keywordInMetaDescription","keywordInPermalink","keywordIn10Percent","keywordInContent","keywordInSubheadings","keywordInImageAlt","keywordDensity","keywordNotUsed","lengthContent","lengthPermalink","linksHasInternal","linksHasExternals","linksNotAllExternals","titleStartWithKeyword","titleSentiment","titleHasPowerWords","titleHasNumber","hasContentAI"],"hasRedirection":true,"hasBreadcrumb":false},"homeUrl":"https:\/\/realeast.biz\/tr","objectID":18262,"objectType":"post","locale":"tr","localeFull":"tr_TR","overlayImages":{"play":{"name":"Oynatma simgesi","url":"https:\/\/realeast.biz\/wp-content\/plugins\/seo-by-rank-math\/assets\/admin\/img\/icon-play.png","path":"\/var\/www\/admin\/data\/www\/realeast.biz\/wp-content\/plugins\/seo-by-rank-math\/assets\/admin\/img\/icon-play.png","position":"middle_center"},"gif":{"name":"GIF simgesi","url":"https:\/\/realeast.biz\/wp-content\/plugins\/seo-by-rank-math\/assets\/admin\/img\/icon-gif.png","path":"\/var\/www\/admin\/data\/www\/realeast.biz\/wp-content\/plugins\/seo-by-rank-math\/assets\/admin\/img\/icon-gif.png","position":"middle_center"}},"defautOgImage":"https:\/\/realeast.biz\/wp-content\/uploads\/2021\/04\/af0e306d-938b-485d-9dcf-78e53643ab93.jpg","customPermalinks":true,"isUserRegistered":true,"autoSuggestKeywords":true,"connectSiteUrl":"https:\/\/rankmath.com\/auth?site=https%3A%2F%2Frealeast.biz%2Ftr&r=https%3A%2F%2Frealeast.biz%2Ftr%2Fwp-json%2Fwp%2Fv2%2Fpages%2F18262%3Fnonce%3Dc54b8ac924&pro=1","maxTags":100,"trendsIcon":"<svg viewBox=\"0 0 610 610\"><path d=\"M18.85,446,174.32,290.48l58.08,58.08L76.93,504a14.54,14.54,0,0,1-20.55,0L18.83,466.48a14.54,14.54,0,0,1,0-20.55Z\" style=\"fill:#4285f4\"\/><path d=\"M242.65,242.66,377.59,377.6l-47.75,47.75a14.54,14.54,0,0,1-20.55,0L174.37,290.43l47.75-47.75A14.52,14.52,0,0,1,242.65,242.66Z\" style=\"fill:#ea4335\"\/><polygon points=\"319.53 319.53 479.26 159.8 537.34 217.88 377.61 377.62 319.53 319.53\" style=\"fill:#fabb05\"\/><path d=\"M594.26,262.73V118.61h0a16.94,16.94,0,0,0-16.94-16.94H433.2a16.94,16.94,0,0,0-12,28.92L565.34,274.71h0a16.94,16.94,0,0,0,28.92-12Z\" style=\"fill:#34a853\"\/><rect width=\"610\" height=\"610\" style=\"fill:none\"\/><\/svg>","showScore":true,"siteFavIcon":"https:\/\/realeast.biz\/wp-content\/uploads\/2022\/05\/cropped-logo-1-32x32.png","canUser":{"general":false,"advanced":false,"snippet":false,"social":false,"analysis":false,"analytics":false,"content_ai":false},"showKeywordIntent":true,"isPro":true,"is_front_page":false,"trendsUpgradeLink":"https:\/\/rankmath.com\/pricing\/?utm_source=Plugin&utm_medium=CE%20General%20Tab%20Trends&utm_campaign=WP","trendsUpgradeLabel":"Y\u00fckseltin","trendsPreviewImage":"https:\/\/realeast.biz\/wp-content\/plugins\/seo-by-rank-math\/assets\/admin\/img\/trends-preview.jpg","currentEditor":false,"homepageData":{"assessor":{"powerWords":[],"diacritics":true,"researchesTests":["contentHasTOC","contentHasShortParagraphs","contentHasAssets","keywordInTitle","keywordInMetaDescription","keywordInPermalink","keywordIn10Percent","keywordInContent","keywordInSubheadings","keywordInImageAlt","keywordDensity","keywordNotUsed","lengthContent","lengthPermalink","linksHasInternal","linksHasExternals","linksNotAllExternals","titleStartWithKeyword","titleSentiment","titleHasPowerWords","titleHasNumber","hasContentAI"],"hasBreadcrumb":false,"serpData":{"title":"[:ru]%sitename% %page% %sep% %sitedesc%[:]","description":"","titleTemplate":"%sitename% %page% %sep% %sitedesc%","descriptionTemplate":"","focusKeywords":"","breadcrumbTitle":"[:ru]Home[:tr]Home[:]","robots":{"index":true},"advancedRobots":{"max-snippet":false,"max-video-preview":false,"max-image-preview":false},"facebookTitle":"","facebookDescription":"","facebookImage":"","facebookImageID":""}}}},"_links":{"self":[{"href":"https:\/\/realeast.biz\/tr\/wp-json\/wp\/v2\/pages\/18262","targetHints":{"allow":["GET"]}}],"collection":[{"href":"https:\/\/realeast.biz\/tr\/wp-json\/wp\/v2\/pages"}],"about":[{"href":"https:\/\/realeast.biz\/tr\/wp-json\/wp\/v2\/types\/page"}],"author":[{"embeddable":true,"href":"https:\/\/realeast.biz\/tr\/wp-json\/wp\/v2\/users\/1"}],"replies":[{"embeddable":true,"href":"https:\/\/realeast.biz\/tr\/wp-json\/wp\/v2\/comments?post=18262"}],"version-history":[{"count":0,"href":"https:\/\/realeast.biz\/tr\/wp-json\/wp\/v2\/pages\/18262\/revisions"}],"wp:attachment":[{"href":"https:\/\/realeast.biz\/tr\/wp-json\/wp\/v2\/media?parent=18262"}],"curies":[{"name":"wp","href":"https:\/\/api.w.org\/{rel}","templated":true}]}}