{"id":18282,"date":"2023-10-10T10:05:36","date_gmt":"2023-10-10T10:05:36","guid":{"rendered":"https:\/\/realeast.biz\/ru\/?page_id=18282"},"modified":"2025-04-21T14:51:48","modified_gmt":"2025-04-21T14:51:48","slug":"kupit-kvartiru-v-turczii","status":"publish","type":"page","link":"https:\/\/realeast.biz\/tr\/kupit-kvartiru-v-turczii\/","title":{"rendered":"T\u00fcrkiye&#039;de bir daire sat\u0131n al\u0131n"},"content":{"rendered":"<h2>T\u00fcrkiye&#8217;de sat\u0131l\u0131k daireler<\/h2>\n<p>T\u00fcrkiye&#8217;de daire sat\u0131n almak yabanc\u0131 uyruklular aras\u0131nda giderek daha pop\u00fcler bir karar haline geliyor. Bu muhte\u015fem \u00fclkede gayrimenkul sat\u0131\u015f\u0131, \u00e7e\u015fitlili\u011fi ve uygun fiyatlar\u0131 ile dikkat \u00e7ekiyor. T\u00fcrkiye emlak piyasas\u0131 ilgin\u00e7 tekliflerle doludur ve arama i\u00e7in ana siteler emlak acenteleri, ilan veren siteler ve T\u00fcrk geli\u015ftiricilerden do\u011frudan tekliflerdir.<\/p>\n<h2>T\u00fcrkiye&#8217;de ikincil piyasada daire sat\u0131\u015f\u0131<\/h2>\n<p>T\u00fcrkiye&#8217;deki dairelerin ikincil pazar\u0131, eski tarihi binalardan birka\u00e7 y\u0131l \u00f6nce in\u015fa edilen nispeten yeni gayrimenkullere kadar \u00e7e\u015fitli se\u00e7enekler sunuyor. Ge\u00e7mi\u015fi olan daireler genellikle kendine \u00f6zg\u00fc karakterlerine sahiptir ve benzersizli\u011fe ve atmosfere de\u011fer veren al\u0131c\u0131lar i\u00e7in \u00e7ekici olabilir.<\/p>\n<p>Bununla birlikte, ikincil piyasada bir daire sat\u0131n al\u0131rken, i\u015flemin yasal y\u00f6nlerine dikkat etmek son derece \u00f6nemlidir. M\u00fclkiyet sertifikalar\u0131, yeniden yap\u0131lanma izinleri (varsa) ve di\u011fer ilgili belgeler de dahil olmak \u00fczere mevcut t\u00fcm belgelerin do\u011frulanmas\u0131 tavsiye edilir. Gerekli t\u00fcm belgelerin mevcudiyeti, nesnenin yasall\u0131\u011f\u0131n\u0131 do\u011frular ve al\u0131c\u0131 i\u00e7in riskleri en aza indirir.<\/p>\n<p>Uygun bir nesne bulmaktan gerekli t\u00fcm belgelerin haz\u0131rlanmas\u0131na kadar t\u00fcm i\u015flemi &#8220;anahtar teslimi &#8221; yapabilecek profesyonel bir emlak acentesine ba\u015fvurman\u0131z \u00f6nerilir. Ajansla i\u015fbirli\u011fi yapmak, sat\u0131n alma s\u00fcrecini b\u00fcy\u00fck \u00f6l\u00e7\u00fcde basitle\u015ftirir ve yasa d\u0131\u015f\u0131 yeniden geli\u015ftirme, izin eksikli\u011fi veya elektrik faturalar\u0131nda bor\u00e7lanma gibi bir\u00e7ok tuzaktan ka\u00e7\u0131nmaya yard\u0131mc\u0131 olur.<\/p>\n<p>Bor\u00e7lar\u0131n varl\u0131\u011f\u0131 m\u00fclkiyet haklar\u0131n\u0131n devri s\u00fcrecini ciddi \u015fekilde karma\u015f\u0131kla\u015ft\u0131rabilece\u011finden, \u00f6nceki sahibinin kredi ge\u00e7mi\u015fini kontrol etmek de \u00f6nemli bir husustur.<\/p>\n<p>Bu nedenle T\u00fcrkiye&#8217;de ikincil piyasada daire sat\u0131n al\u0131rken b\u00fct\u00fcnsel bir yakla\u015f\u0131m ve detaylara dikkat edilmesi gerekmektedir. Planlama, belgelerin dikkatli bir \u015fekilde incelenmesi ve g\u00fcvenilir uzmanlarla i\u015fbirli\u011fi, riskleri azaltacak ve sat\u0131n alma i\u015fleminizi m\u00fcmk\u00fcn oldu\u011funca g\u00fcvenli hale getirecektir.<\/p>\n<p><img fetchpriority=\"high\" decoding=\"async\" class=\"aligncenter wp-image-18279 size-full\" src=\"https:\/\/realeast.biz\/wp-content\/uploads\/2023\/10\/the-view-from-the-flight-to-istanbul.jpg\" alt=\"\" width=\"1200\" height=\"900\" srcset=\"https:\/\/realeast.biz\/wp-content\/uploads\/2023\/10\/the-view-from-the-flight-to-istanbul.jpg 1200w, https:\/\/realeast.biz\/wp-content\/uploads\/2023\/10\/the-view-from-the-flight-to-istanbul-300x225.jpg 300w, https:\/\/realeast.biz\/wp-content\/uploads\/2023\/10\/the-view-from-the-flight-to-istanbul-1024x768.jpg 1024w, https:\/\/realeast.biz\/wp-content\/uploads\/2023\/10\/the-view-from-the-flight-to-istanbul-768x576.jpg 768w\" sizes=\"(max-width: 1200px) 100vw, 1200px\" \/><\/p>\n<h2>T\u00fcrkiye&#8217;de daireler: ruble cinsinden fiyatlar<\/h2>\n<p>T\u00fcrkiye&#8217;de daire fiyatlar\u0131 \u00e7ok de\u011fi\u015fkendir ve sat\u0131n almay\u0131 planlarken g\u00f6z \u00f6n\u00fcnde bulundurulmas\u0131 gereken bir dizi temel fakt\u00f6re ba\u011fl\u0131d\u0131r. Her \u015feyden \u00f6nce, gayrimenkul\u00fcn de\u011feri \u00fclkenin b\u00f6lgesi taraf\u0131ndan belirlenir. \u00d6rne\u011fin \u0130stanbul veya Antalya gibi b\u00fcy\u00fck \u015fehirlerdeki ve turizm merkezlerindeki daireler genellikle daha az pop\u00fcler veya uzak b\u00f6lgelere g\u00f6re daha pahal\u0131d\u0131r.<\/p>\n<p>Tesisin yap\u0131m y\u0131l\u0131 \u00f6zellikle fiyat\u0131 etkiler. Yeni binalar, n\u00fcanslar\u0131 olmas\u0131na ra\u011fmen, genellikle ikincil piyasadaki konutlardan daha y\u00fcksek fiyatlarla sat\u0131lmaktad\u0131r. Y\u00fcksek kaliteli tadilatlara, pahal\u0131 kaplamalara ve y\u00fczme havuzu veya fitness merkezi gibi ek olanaklara sahip daireler \u00e7ok daha pahal\u0131ya mal olabilir.<\/p>\n<p>Okullar, hastaneler veya ula\u015f\u0131m merkezleri gibi kilit altyap\u0131 varl\u0131klar\u0131na yak\u0131nl\u0131k da fiyatland\u0131rmada rol oynamaktad\u0131r. \u00d6rne\u011fin, Alanya&#8217;da konut maliyeti, bu ve di\u011fer fakt\u00f6rlere ba\u011fl\u0131 olarak 10 milyon ruble ve \u00fczeri aras\u0131nda de\u011fi\u015febilir.<\/p>\n<p>Bazen fiyatlar d\u00f6viz cinsinden g\u00f6sterilebilir, bu nedenle rublenin T\u00fcrk liras\u0131na veya ba\u015fka bir para birimine kar\u015f\u0131 cari d\u00f6viz kurunu yak\u0131ndan izlemeniz \u00f6nerilir. Baz\u0131 sitelerde ve emlak acentelerinde, m\u00fc\u015fterilerin maliyeti ruble cinsinden h\u0131zl\u0131 bir \u015fekilde tahmin edebilmeleri i\u00e7in uygun para birimi d\u00f6n\u00fc\u015ft\u00fcr\u00fcc\u00fcler sunulmaktad\u0131r.<\/p>\n<p>Bu nedenle, T\u00fcrkiye&#8217;de bir dairenin ruble cinsinden ne kadara mal olabilece\u011fini anlamak istiyorsan\u0131z, yukar\u0131daki t\u00fcm fakt\u00f6rleri g\u00f6z \u00f6n\u00fcnde bulundurun. Bu, daha bilin\u00e7li se\u00e7imler yapman\u0131za ve anla\u015fma yap\u0131l\u0131rken yanl\u0131\u015f anla\u015f\u0131lmalardan ka\u00e7\u0131nman\u0131za yard\u0131mc\u0131 olacakt\u0131r.<\/p>\n<h2>T\u00fcrkiye&#8217;de daire nas\u0131l aran\u0131r<\/h2>\n<p>T\u00fcrkiye&#8217;de bir daire aramaya ba\u015flamadan \u00f6nce, kendiniz i\u00e7in temel parametreleri belirleyin &#8211; bu, uygun se\u00e7enekleri se\u00e7me zaman\u0131n\u0131 ve eme\u011fini azaltmaya yard\u0131mc\u0131 olacakt\u0131r. M\u00fclk sat\u0131n almak i\u00e7in harcamak istedi\u011finiz net bir b\u00fct\u00e7e belirleyin. Bu, araman\u0131z\u0131 daraltman\u0131za ve en umut verici tekliflere odaklanman\u0131za olanak tan\u0131yan \u00f6nemli bir ilk ad\u0131md\u0131r.<\/p>\n<p>Bir sonraki ad\u0131m, istenen kriterlerin bir listesini derlemektir. Sizin i\u00e7in \u00f6nemli olan her \u015feyi buna dahil edin: konum alan\u0131, bina tipi, otopark\u0131n mevcudiyeti, etraf\u0131ndaki altyap\u0131 ve di\u011fer detaylar. Bu kriterler, reklam sitelerinde ve ajans veritabanlar\u0131nda teklifleri filtrelemek i\u00e7in temel olu\u015fturacakt\u0131r.<\/p>\n<p>Bir\u00e7ok ilan sitesi ve emlak acentesi \u00e7ok \u00e7e\u015fitli se\u00e7enekler sunar. Birden fazla kayna\u011f\u0131 paralel olarak a\u00e7\u0131n ve se\u00e7imlerinizi netle\u015ftirmek i\u00e7in arama filtrelerini kullan\u0131n. Filtreler, fiyat ve oda say\u0131s\u0131 gibi temel olanlardan, balkona sahip olmak veya denize yak\u0131n olmak gibi daha \u00f6zel olanlara kadar de\u011fi\u015febilir.<\/p>\n<p>Di\u011fer al\u0131c\u0131lar\u0131n tavsiyelerini ve incelemelerini de unutmay\u0131n. Ajans hizmetlerinin kalitesi, geli\u015ftiricinin g\u00fcvenilirli\u011fi veya belirli bir b\u00f6lgenin \u00f6zellikleri hakk\u0131nda de\u011ferli bilgiler verebilirler.<\/p>\n<p>Potansiyel olarak uygun birka\u00e7 se\u00e7enek se\u00e7ildikten sonra, tesisleri \u015fahsen ziyaret etmeniz veya hatta bir temsilci yard\u0131m\u0131yla bir \u00f6n inceleme yapman\u0131z \u00f6nerilir. Bu size tam olarak ne sat\u0131n ald\u0131\u011f\u0131n\u0131z hakk\u0131nda daha eksiksiz bir fikir verecek ve anla\u015fma a\u015famas\u0131nda ho\u015f olmayan s\u00fcrprizlerden ka\u00e7\u0131nman\u0131za yard\u0131mc\u0131 olacakt\u0131r.<\/p>\n<p>Bu nedenle T\u00fcrkiye&#8217;de etkili bir daire bulmak i\u00e7in iyi d\u00fc\u015f\u00fcn\u00fclm\u00fc\u015f bir strateji ve detaylara \u00f6zen g\u00f6sterilmesi gerekmektedir. Bu \u00f6nerileri kullanarak g\u00f6revinizi b\u00fcy\u00fck \u00f6l\u00e7\u00fcde basitle\u015ftirecek ve do\u011fru se\u00e7imi yapabileceksiniz.<\/p>\n<h2>T\u00fcrkiye haritas\u0131nda \u0130stanbul<\/h2>\n<p><div class=\"youtube\"><iframe src=\"https:\/\/yandex.ru\/map-widget\/v1\/?um=constructor%3Af1a4acae2c4f36e5d7fff1499c7b98e198c6158625380e60fea010b07b0fc2a7&#038;source=constructor\" width=\"100%\" height=\"400\" frameborder=\"0\"><\/iframe><\/div><\/p>\n<h2>Sat\u0131\u015f ve sat\u0131n alma i\u015flemleri nas\u0131l gidiyor<\/h2>\n<p>T\u00fcrkiye&#8217;de bir daire sat\u0131n almak sadece konut se\u00e7imi de\u011fil, ayn\u0131 zamanda yasa ve normlara tam olarak uyulmas\u0131n\u0131 gerektiren \u00e7ok karma\u015f\u0131k bir yasal s\u00fcre\u00e7tir. Do\u011fru daireyi bulduktan sonra ilk ad\u0131m \u00f6n sat\u0131\u015f s\u00f6zle\u015fmesini imzalamak olacakt\u0131r. Bu belge, i\u015flemin temel \u015fartlar\u0131n\u0131 belirtir: fiyat, \u015fartlar, taraflar\u0131n sorumlulu\u011fu vb. \u00d6n s\u00f6zle\u015fmenin imzalanmas\u0131yla birlikte, genellikle al\u0131c\u0131n\u0131n niyetlerinin ciddiyetini do\u011frulayan bir depozito yat\u0131r\u0131l\u0131r.<\/p>\n<p>Bundan sonra, nesnenin yasal safl\u0131\u011f\u0131n\u0131n, teknik durumunun ve beyan edilen \u00f6zelliklere uygunlu\u011funun do\u011frulanmas\u0131n\u0131 i\u00e7erebilecek bir dizi yasal prosed\u00fcr ba\u015flar. Bu a\u015famalar, belgeleri almak veya do\u011frulamak i\u00e7in \u00e7e\u015fitli devlet kurumlar\u0131na ba\u015fvurmay\u0131 gerektirebilir. \u00d6rne\u011fin, bu bir kadastro ekstresi, faturalarda bor\u00e7suzlu\u011fun kontrol edilmesi vb. Olabilir.<\/p>\n<p>T\u00fcm s\u00fcre\u00e7, ana sat\u0131\u015f s\u00f6zle\u015fmesinin imzalanmas\u0131yla tamamlan\u0131r ve ard\u0131ndan m\u00fclkiyet haklar\u0131n\u0131n devri ger\u00e7ekle\u015fir. Bu noktada, al\u0131c\u0131 genellikle kalan tutar\u0131 \u00f6der ve sat\u0131c\u0131 anahtarlar\u0131 ve gerekli t\u00fcm belgeleri teslim eder.<\/p>\n<p>Bu s\u00fcrecin karma\u015f\u0131kl\u0131\u011f\u0131 ve \u00e7ok a\u015famal\u0131 olmas\u0131 nedeniyle, i\u015fleme deneyimli avukatlar\u0131n veya emlak\u00e7\u0131lar\u0131n dahil edilmesi \u015fiddetle tavsiye edilir. Hatalardan ka\u00e7\u0131nman\u0131za, zamandan tasarruf etmenize ve yap\u0131lan i\u015flemin do\u011frulu\u011funa olan g\u00fcveninizi art\u0131rman\u0131za yard\u0131mc\u0131 olacaklar. Uzmanlar, gerekirse belgelerin terc\u00fcmesine ve noter tasdikine de yard\u0131mc\u0131 olabilirler.<\/p>\n<p>Bu nedenle, T\u00fcrkiye&#8217;de bir daire sat\u0131n alma ve satma s\u00fcreci dikkatli ve yetkin bir yakla\u015f\u0131m gerektirir, \u00e7\u00fcnk\u00fc sadece do\u011fru nesneyi se\u00e7mek de\u011fil, ayn\u0131 zamanda sat\u0131n al\u0131m\u0131n\u0131 do\u011fru bir \u015fekilde d\u00fczenlemek de \u00f6nemlidir.<\/p>\n","protected":false},"excerpt":{"rendered":"<p>T\u00fcrkiye&#8217;de sat\u0131l\u0131k daireler T\u00fcrkiye&#8217;de daire sat\u0131n almak yabanc\u0131 uyruklular aras\u0131nda giderek daha pop\u00fcler bir karar haline geliyor. Bu muhte\u015fem \u00fclkede gayrimenkul sat\u0131\u015f\u0131, \u00e7e\u015fitlili\u011fi ve uygun fiyatlar\u0131 ile dikkat \u00e7ekiyor. T\u00fcrkiye emlak piyasas\u0131 ilgin\u00e7 tekliflerle doludur ve arama i\u00e7in ana siteler emlak acenteleri, ilan veren siteler ve T\u00fcrk geli\u015ftiricilerden do\u011frudan tekliflerdir. T\u00fcrkiye&#8217;de ikincil piyasada daire sat\u0131\u015f\u0131 [&hellip;]<\/p>\n","protected":false},"author":1,"featured_media":0,"parent":0,"menu_order":0,"comment_status":"closed","ping_status":"closed","template":"landing.php","meta":{"footnotes":""},"class_list":["post-18282","page","type-page","status-publish","hentry"],"acf":[],"rankMath":{"parentDomain":"realeast.biz","noFollowDomains":[],"noFollowExcludeDomains":[],"noFollowExternalLinks":true,"featuredImageNotice":"\u00d6ne \u00e7\u0131kan g\u00f6rsel, Facebook ve di\u011fer sosyal medya siteleri taraf\u0131ndan al\u0131nabilmesi i\u00e7in en az 200 x 200 piksel olmal\u0131d\u0131r.","pluginReviewed":true,"postSettings":{"linkSuggestions":"[:ru]on[:]","useFocusKeyword":false},"frontEndScore":false,"postName":"kupit-kvartiru-v-turczii","permalinkFormat":"https:\/\/realeast.biz\/tr\/kupit-kvartiru-v-turczii\/","showLockModifiedDate":true,"assessor":{"focusKeywordLink":"https:\/\/realeast.biz\/wp-admin\/edit.php?focus_keyword=%focus_keyword%&post_type=%post_type%","hasTOCPlugin":true,"primaryTaxonomy":false,"serpData":{"title":"T\u00fcrkiye'de bir daire sat\u0131n al\u0131n: En iyi f\u0131rsatlar ve fiyatlar 2024","description":"T\u00fcrkiye'de bir daire sat\u0131n almak, yabanc\u0131 yat\u0131r\u0131mc\u0131lar ve ta\u015f\u0131nmak isteyenler aras\u0131nda her y\u0131l giderek daha pop\u00fcler hale gelen bir karard\u0131r. T\u00fcrkiye'de daire sat\u0131\u015f\u0131, ekonomik dairelerden l\u00fcks \u00e7at\u0131 katlar\u0131na kadar \u00e7ok \u00e7e\u015fitli se\u00e7enekleri kapsamaktad\u0131r.","focusKeywords":"","pillarContent":false,"canonicalUrl":"","breadcrumbTitle":"","advancedRobots":{"max-snippet":false,"max-video-preview":false,"max-image-preview":false},"facebookTitle":"","facebookDescription":"","facebookImage":"","facebookImageID":"","facebookHasOverlay":false,"facebookImageOverlay":"","facebookAuthor":"","twitterCardType":"","twitterUseFacebook":true,"twitterTitle":"","twitterDescription":"","twitterImage":"","twitterImageID":"","twitterHasOverlay":false,"twitterImageOverlay":"","twitterPlayerUrl":"","twitterPlayerSize":"","twitterPlayerStream":"","twitterPlayerStreamCtype":"","twitterAppDescription":"","twitterAppIphoneName":"","twitterAppIphoneID":"","twitterAppIphoneUrl":"","twitterAppIpadName":"","twitterAppIpadID":"","twitterAppIpadUrl":"","twitterAppGoogleplayName":"","twitterAppGoogleplayID":"","twitterAppGoogleplayUrl":"","twitterAppCountry":"","robots":{"index":true},"twitterAuthor":"kullan\u0131c\u0131 ad\u0131","primaryTerm":0,"authorName":"admin","titleTemplate":"[:ru]%title_custom% %sep% Real East[:]","descriptionTemplate":"[:ru]%excerpt_custom%[:]","showScoreFrontend":true,"lockModifiedDate":false},"powerWords":[],"diacritics":{"A":"[\\u0041\\u24B6\\uFF21\\u00C0\\u00C1\\u00C2\\u1EA6\\u1EA4\\u1EAA\\u1EA8\\u00C3\\u0100\\u0102\\u1EB0\\u1EAE\\u1EB4\\u1EB2\\u0226\\u01E0\\u00C4\\u01DE\\u1EA2\\u00C5\\u01FA\\u01CD\\u0200\\u0202\\u1EA0\\u1EAC\\u1EB6\\u1E00\\u0104\\u023A\\u2C6F]","AA":"[\\uA732]","AE":"[\\u00C6\\u01FC\\u01E2]","AO":"[\\uA734]","AU":"[\\uA736]","AV":"[\\uA738\\uA73A]","AY":"[\\uA73C]","B":"[\\u0042\\u24B7\\uFF22\\u1E02\\u1E04\\u1E06\\u0243\\u0182\\u0181]","C":"[\\u0043\\u24B8\\uFF23\\u0106\\u0108\\u010A\\u010C\\u00C7\\u1E08\\u0187\\u023B\\uA73E]","D":"[\\u0044\\u24B9\\uFF24\\u1E0A\\u010E\\u1E0C\\u1E10\\u1E12\\u1E0E\\u0110\\u018B\\u018A\\u0189\\uA779]","DZ":"[\\u01F1\\u01C4]","Dz":"[\\u01F2\\u01C5]","E":"[\\u0045\\u24BA\\uFF25\\u00C8\\u00C9\\u00CA\\u1EC0\\u1EBE\\u1EC4\\u1EC2\\u1EBC\\u0112\\u1E14\\u1E16\\u0114\\u0116\\u00CB\\u1EBA\\u011A\\u0204\\u0206\\u1EB8\\u1EC6\\u0228\\u1E1C\\u0118\\u1E18\\u1E1A\\u0190\\u018E]","F":"[\\u0046\\u24BB\\uFF26\\u1E1E\\u0191\\uA77B]","G":"[\\u0047\\u24BC\\uFF27\\u01F4\\u011C\\u1E20\\u011E\\u0120\\u01E6\\u0122\\u01E4\\u0193\\uA7A0\\uA77D\\uA77E]","H":"[\\u0048\\u24BD\\uFF28\\u0124\\u1E22\\u1E26\\u021E\\u1E24\\u1E28\\u1E2A\\u0126\\u2C67\\u2C75\\uA78D]","I":"[\\u0049\\u24BE\\uFF29\\u00CC\\u00CD\\u00CE\\u0128\\u012A\\u012C\\u0130\\u00CF\\u1E2E\\u1EC8\\u01CF\\u0208\\u020A\\u1ECA\\u012E\\u1E2C\\u0197]","J":"[\\u004A\\u24BF\\uFF2A\\u0134\\u0248]","K":"[\\u004B\\u24C0\\uFF2B\\u1E30\\u01E8\\u1E32\\u0136\\u1E34\\u0198\\u2C69\\uA740\\uA742\\uA744\\uA7A2]","L":"[\\u004C\\u24C1\\uFF2C\\u013F\\u0139\\u013D\\u1E36\\u1E38\\u013B\\u1E3C\\u1E3A\\u0141\\u023D\\u2C62\\u2C60\\uA748\\uA746\\uA780]","LJ":"[\\u01C7]","Lj":"[\\u01C8]","M":"[\\u004D\\u24C2\\uFF2D\\u1E3E\\u1E40\\u1E42\\u2C6E\\u019C]","N":"[\\u004E\\u24C3\\uFF2E\\u01F8\\u0143\\u00D1\\u1E44\\u0147\\u1E46\\u0145\\u1E4A\\u1E48\\u0220\\u019D\\uA790\\uA7A4]","NJ":"[\\u01CA]","Nj":"[\\u01CB]","O":"[\\u004F\\u24C4\\uFF2F\\u00D2\\u00D3\\u00D4\\u1ED2\\u1ED0\\u1ED6\\u1ED4\\u00D5\\u1E4C\\u022C\\u1E4E\\u014C\\u1E50\\u1E52\\u014E\\u022E\\u0230\\u00D6\\u022A\\u1ECE\\u0150\\u01D1\\u020C\\u020E\\u01A0\\u1EDC\\u1EDA\\u1EE0\\u1EDE\\u1EE2\\u1ECC\\u1ED8\\u01EA\\u01EC\\u00D8\\u01FE\\u0186\\u019F\\uA74A\\uA74C]","OI":"[\\u01A2]","OO":"[\\uA74E]","OU":"[\\u0222]","P":"[\\u0050\\u24C5\\uFF30\\u1E54\\u1E56\\u01A4\\u2C63\\uA750\\uA752\\uA754]","Q":"[\\u0051\\u24C6\\uFF31\\uA756\\uA758\\u024A]","R":"[\\u0052\\u24C7\\uFF32\\u0154\\u1E58\\u0158\\u0210\\u0212\\u1E5A\\u1E5C\\u0156\\u1E5E\\u024C\\u2C64\\uA75A\\uA7A6\\uA782]","S":"[\\u0053\\u24C8\\uFF33\\u1E9E\\u015A\\u1E64\\u015C\\u1E60\\u0160\\u1E66\\u1E62\\u1E68\\u0218\\u015E\\u2C7E\\uA7A8\\uA784]","T":"[\\u0054\\u24C9\\uFF34\\u1E6A\\u0164\\u1E6C\\u021A\\u0162\\u1E70\\u1E6E\\u0166\\u01AC\\u01AE\\u023E\\uA786]","TZ":"[\\uA728]","U":"[\\u0055\\u24CA\\uFF35\\u00D9\\u00DA\\u00DB\\u0168\\u1E78\\u016A\\u1E7A\\u016C\\u00DC\\u01DB\\u01D7\\u01D5\\u01D9\\u1EE6\\u016E\\u0170\\u01D3\\u0214\\u0216\\u01AF\\u1EEA\\u1EE8\\u1EEE\\u1EEC\\u1EF0\\u1EE4\\u1E72\\u0172\\u1E76\\u1E74\\u0244]","V":"[\\u0056\\u24CB\\uFF36\\u1E7C\\u1E7E\\u01B2\\uA75E\\u0245]","VY":"[\\uA760]","W":"[\\u0057\\u24CC\\uFF37\\u1E80\\u1E82\\u0174\\u1E86\\u1E84\\u1E88\\u2C72]","X":"[\\u0058\\u24CD\\uFF38\\u1E8A\\u1E8C]","Y":"[\\u0059\\u24CE\\uFF39\\u1EF2\\u00DD\\u0176\\u1EF8\\u0232\\u1E8E\\u0178\\u1EF6\\u1EF4\\u01B3\\u024E\\u1EFE]","Z":"[\\u005A\\u24CF\\uFF3A\\u0179\\u1E90\\u017B\\u017D\\u1E92\\u1E94\\u01B5\\u0224\\u2C7F\\u2C6B\\uA762]","a":"[\\u0061\\u24D0\\uFF41\\u1E9A\\u00E0\\u00E1\\u00E2\\u1EA7\\u1EA5\\u1EAB\\u1EA9\\u00E3\\u0101\\u0103\\u1EB1\\u1EAF\\u1EB5\\u1EB3\\u0227\\u01E1\\u00E4\\u01DF\\u1EA3\\u00E5\\u01FB\\u01CE\\u0201\\u0203\\u1EA1\\u1EAD\\u1EB7\\u1E01\\u0105\\u2C65\\u0250]","aa":"[\\uA733]","ae":"[\\u00E6\\u01FD\\u01E3]","ao":"[\\uA735]","au":"[\\uA737]","av":"[\\uA739\\uA73B]","ay":"[\\uA73D]","b":"[\\u0062\\u24D1\\uFF42\\u1E03\\u1E05\\u1E07\\u0180\\u0183\\u0253]","c":"[\\u0063\\u24D2\\uFF43\\u0107\\u0109\\u010B\\u010D\\u00E7\\u1E09\\u0188\\u023C\\uA73F\\u2184]","d":"[\\u0064\\u24D3\\uFF44\\u1E0B\\u010F\\u1E0D\\u1E11\\u1E13\\u1E0F\\u0111\\u018C\\u0256\\u0257\\uA77A]","dz":"[\\u01F3\\u01C6]","e":"[\\u0065\\u24D4\\uFF45\\u00E8\\u00E9\\u00EA\\u1EC1\\u1EBF\\u1EC5\\u1EC3\\u1EBD\\u0113\\u1E15\\u1E17\\u0115\\u0117\\u00EB\\u1EBB\\u011B\\u0205\\u0207\\u1EB9\\u1EC7\\u0229\\u1E1D\\u0119\\u1E19\\u1E1B\\u0247\\u025B\\u01DD]","f":"[\\u0066\\u24D5\\uFF46\\u1E1F\\u0192\\uA77C]","g":"[\\u0067\\u24D6\\uFF47\\u01F5\\u011D\\u1E21\\u011F\\u0121\\u01E7\\u0123\\u01E5\\u0260\\uA7A1\\u1D79\\uA77F]","h":"[\\u0068\\u24D7\\uFF48\\u0125\\u1E23\\u1E27\\u021F\\u1E25\\u1E29\\u1E2B\\u1E96\\u0127\\u2C68\\u2C76\\u0265]","hv":"[\\u0195]","i":"[\\u0069\\u24D8\\uFF49\\u00EC\\u00ED\\u00EE\\u0129\\u012B\\u012D\\u00EF\\u1E2F\\u1EC9\\u01D0\\u0209\\u020B\\u1ECB\\u012F\\u1E2D\\u0268\\u0131]","j":"[\\u006A\\u24D9\\uFF4A\\u0135\\u01F0\\u0249]","k":"[\\u006B\\u24DA\\uFF4B\\u1E31\\u01E9\\u1E33\\u0137\\u1E35\\u0199\\u2C6A\\uA741\\uA743\\uA745\\uA7A3]","l":"[\\u006C\\u24DB\\uFF4C\\u0140\\u013A\\u013E\\u1E37\\u1E39\\u013C\\u1E3D\\u1E3B\\u017F\\u0142\\u019A\\u026B\\u2C61\\uA749\\uA781\\uA747]","lj":"[\\u01C9]","m":"[\\u006D\\u24DC\\uFF4D\\u1E3F\\u1E41\\u1E43\\u0271\\u026F]","n":"[\\u006E\\u24DD\\uFF4E\\u01F9\\u0144\\u00F1\\u1E45\\u0148\\u1E47\\u0146\\u1E4B\\u1E49\\u019E\\u0272\\u0149\\uA791\\uA7A5]","nj":"[\\u01CC]","o":"[\\u006F\\u24DE\\uFF4F\\u00F2\\u00F3\\u00F4\\u1ED3\\u1ED1\\u1ED7\\u1ED5\\u00F5\\u1E4D\\u022D\\u1E4F\\u014D\\u1E51\\u1E53\\u014F\\u022F\\u0231\\u00F6\\u022B\\u1ECF\\u0151\\u01D2\\u020D\\u020F\\u01A1\\u1EDD\\u1EDB\\u1EE1\\u1EDF\\u1EE3\\u1ECD\\u1ED9\\u01EB\\u01ED\\u00F8\\u01FF\\u0254\\uA74B\\uA74D\\u0275]","oi":"[\\u01A3]","ou":"[\\u0223]","oo":"[\\uA74F]","p":"[\\u0070\\u24DF\\uFF50\\u1E55\\u1E57\\u01A5\\u1D7D\\uA751\\uA753\\uA755]","q":"[\\u0071\\u24E0\\uFF51\\u024B\\uA757\\uA759]","r":"[\\u0072\\u24E1\\uFF52\\u0155\\u1E59\\u0159\\u0211\\u0213\\u1E5B\\u1E5D\\u0157\\u1E5F\\u024D\\u027D\\uA75B\\uA7A7\\uA783]","s":"[\\u0073\\u24E2\\uFF53\\u015B\\u1E65\\u015D\\u1E61\\u0161\\u1E67\\u1E63\\u1E69\\u0219\\u015F\\u023F\\uA7A9\\uA785\\u1E9B]","ss":"[\\u00DF]","t":"[\\u0074\\u24E3\\uFF54\\u1E6B\\u1E97\\u0165\\u1E6D\\u021B\\u0163\\u1E71\\u1E6F\\u0167\\u01AD\\u0288\\u2C66\\uA787]","tz":"[\\uA729]","u":"[\\u0075\\u24E4\\uFF55\\u00F9\\u00FA\\u00FB\\u0169\\u1E79\\u016B\\u1E7B\\u016D\\u00FC\\u01DC\\u01D8\\u01D6\\u01DA\\u1EE7\\u016F\\u0171\\u01D4\\u0215\\u0217\\u01B0\\u1EEB\\u1EE9\\u1EEF\\u1EED\\u1EF1\\u1EE5\\u1E73\\u0173\\u1E77\\u1E75\\u0289]","v":"[\\u0076\\u24E5\\uFF56\\u1E7D\\u1E7F\\u028B\\uA75F\\u028C]","vy":"[\\uA761]","w":"[\\u0077\\u24E6\\uFF57\\u1E81\\u1E83\\u0175\\u1E87\\u1E85\\u1E98\\u1E89\\u2C73]","x":"[\\u0078\\u24E7\\uFF58\\u1E8B\\u1E8D]","y":"[\\u0079\\u24E8\\uFF59\\u1EF3\\u00FD\\u0177\\u1EF9\\u0233\\u1E8F\\u00FF\\u1EF7\\u1E99\\u1EF5\\u01B4\\u024F\\u1EFF]","z":"[\\u007A\\u24E9\\uFF5A\\u017A\\u1E91\\u017C\\u017E\\u1E93\\u1E95\\u01B6\\u0225\\u0240\\u2C6C\\uA763]"},"researchesTests":["contentHasTOC","contentHasShortParagraphs","contentHasAssets","keywordInTitle","keywordInMetaDescription","keywordInPermalink","keywordIn10Percent","keywordInContent","keywordInSubheadings","keywordInImageAlt","keywordDensity","keywordNotUsed","lengthContent","lengthPermalink","linksHasInternal","linksHasExternals","linksNotAllExternals","titleStartWithKeyword","titleSentiment","titleHasPowerWords","titleHasNumber","hasContentAI"],"hasRedirection":true,"hasBreadcrumb":false},"homeUrl":"https:\/\/realeast.biz\/tr","objectID":18282,"objectType":"post","locale":"tr","localeFull":"tr_TR","overlayImages":{"play":{"name":"Oynatma simgesi","url":"https:\/\/realeast.biz\/wp-content\/plugins\/seo-by-rank-math\/assets\/admin\/img\/icon-play.png","path":"\/var\/www\/admin\/data\/www\/realeast.biz\/wp-content\/plugins\/seo-by-rank-math\/assets\/admin\/img\/icon-play.png","position":"middle_center"},"gif":{"name":"GIF simgesi","url":"https:\/\/realeast.biz\/wp-content\/plugins\/seo-by-rank-math\/assets\/admin\/img\/icon-gif.png","path":"\/var\/www\/admin\/data\/www\/realeast.biz\/wp-content\/plugins\/seo-by-rank-math\/assets\/admin\/img\/icon-gif.png","position":"middle_center"}},"defautOgImage":"https:\/\/realeast.biz\/wp-content\/uploads\/2021\/04\/af0e306d-938b-485d-9dcf-78e53643ab93.jpg","customPermalinks":true,"isUserRegistered":true,"autoSuggestKeywords":true,"connectSiteUrl":"https:\/\/rankmath.com\/auth?site=https%3A%2F%2Frealeast.biz%2Ftr&r=https%3A%2F%2Frealeast.biz%2Ftr%2Fwp-json%2Fwp%2Fv2%2Fpages%2F18282%3Fnonce%3D2b11fda97d&pro=1","maxTags":100,"trendsIcon":"<svg viewBox=\"0 0 610 610\"><path d=\"M18.85,446,174.32,290.48l58.08,58.08L76.93,504a14.54,14.54,0,0,1-20.55,0L18.83,466.48a14.54,14.54,0,0,1,0-20.55Z\" style=\"fill:#4285f4\"\/><path d=\"M242.65,242.66,377.59,377.6l-47.75,47.75a14.54,14.54,0,0,1-20.55,0L174.37,290.43l47.75-47.75A14.52,14.52,0,0,1,242.65,242.66Z\" style=\"fill:#ea4335\"\/><polygon points=\"319.53 319.53 479.26 159.8 537.34 217.88 377.61 377.62 319.53 319.53\" style=\"fill:#fabb05\"\/><path d=\"M594.26,262.73V118.61h0a16.94,16.94,0,0,0-16.94-16.94H433.2a16.94,16.94,0,0,0-12,28.92L565.34,274.71h0a16.94,16.94,0,0,0,28.92-12Z\" style=\"fill:#34a853\"\/><rect width=\"610\" height=\"610\" style=\"fill:none\"\/><\/svg>","showScore":true,"siteFavIcon":"https:\/\/realeast.biz\/wp-content\/uploads\/2022\/05\/cropped-logo-1-32x32.png","canUser":{"general":false,"advanced":false,"snippet":false,"social":false,"analysis":false,"analytics":false,"content_ai":false},"showKeywordIntent":true,"isPro":true,"is_front_page":false,"trendsUpgradeLink":"https:\/\/rankmath.com\/pricing\/?utm_source=Plugin&utm_medium=CE%20General%20Tab%20Trends&utm_campaign=WP","trendsUpgradeLabel":"Y\u00fckseltin","trendsPreviewImage":"https:\/\/realeast.biz\/wp-content\/plugins\/seo-by-rank-math\/assets\/admin\/img\/trends-preview.jpg","currentEditor":false,"homepageData":{"assessor":{"powerWords":[],"diacritics":true,"researchesTests":["contentHasTOC","contentHasShortParagraphs","contentHasAssets","keywordInTitle","keywordInMetaDescription","keywordInPermalink","keywordIn10Percent","keywordInContent","keywordInSubheadings","keywordInImageAlt","keywordDensity","keywordNotUsed","lengthContent","lengthPermalink","linksHasInternal","linksHasExternals","linksNotAllExternals","titleStartWithKeyword","titleSentiment","titleHasPowerWords","titleHasNumber","hasContentAI"],"hasBreadcrumb":false,"serpData":{"title":"[:ru]%sitename% %page% %sep% %sitedesc%[:]","description":"","titleTemplate":"%sitename% %page% %sep% %sitedesc%","descriptionTemplate":"","focusKeywords":"","breadcrumbTitle":"[:ru]Home[:tr]Home[:]","robots":{"index":true},"advancedRobots":{"max-snippet":false,"max-video-preview":false,"max-image-preview":false},"facebookTitle":"","facebookDescription":"","facebookImage":"","facebookImageID":""}}}},"_links":{"self":[{"href":"https:\/\/realeast.biz\/tr\/wp-json\/wp\/v2\/pages\/18282","targetHints":{"allow":["GET"]}}],"collection":[{"href":"https:\/\/realeast.biz\/tr\/wp-json\/wp\/v2\/pages"}],"about":[{"href":"https:\/\/realeast.biz\/tr\/wp-json\/wp\/v2\/types\/page"}],"author":[{"embeddable":true,"href":"https:\/\/realeast.biz\/tr\/wp-json\/wp\/v2\/users\/1"}],"replies":[{"embeddable":true,"href":"https:\/\/realeast.biz\/tr\/wp-json\/wp\/v2\/comments?post=18282"}],"version-history":[{"count":0,"href":"https:\/\/realeast.biz\/tr\/wp-json\/wp\/v2\/pages\/18282\/revisions"}],"wp:attachment":[{"href":"https:\/\/realeast.biz\/tr\/wp-json\/wp\/v2\/media?parent=18282"}],"curies":[{"name":"wp","href":"https:\/\/api.w.org\/{rel}","templated":true}]}}