{"id":8330,"date":"2021-08-06T10:21:58","date_gmt":"2021-08-06T10:21:58","guid":{"rendered":"http:\/\/realeast.biz\/ru\/?page_id=8330"},"modified":"2024-04-02T16:10:48","modified_gmt":"2024-04-02T16:10:48","slug":"policy","status":"publish","type":"page","link":"https:\/\/realeast.biz\/tr\/policy\/","title":{"rendered":"Ki\u015fisel verilerin i\u015flenmesine ili\u015fkin politika"},"content":{"rendered":"<h2>Genel H\u00fck\u00fcmler<\/h2>\n<p>Bu ki\u015fisel veri i\u015fleme politikas\u0131, 27.07.2006 tarihli ve 152-FZ No&#8217;lu &#8220;Ki\u015fisel Veriler Hakk\u0131nda&#8221; Federal Kanunun gerekliliklerine uygun olarak haz\u0131rlanm\u0131\u015ft\u0131r ve ki\u015fisel verilerin i\u015flenmesi prosed\u00fcr\u00fcn\u00fc ve <a href=\"https:\/\/realeast.biz\/tr\/about-company\/\">Real East<\/a> taraf\u0131ndan (bundan b\u00f6yle Operat\u00f6r olarak an\u0131lacakt\u0131r) ki\u015fisel verilerin g\u00fcvenli\u011fini sa\u011flamak i\u00e7in al\u0131nan \u00f6nlemleri tan\u0131mlar.<\/p>\n<p>1.1. Operat\u00f6r\u00fcn en \u00f6nemli amac\u0131 ve faaliyetlerini ger\u00e7ekle\u015ftirme ko\u015fulu, ki\u015fisel verilerin i\u015flenmesi s\u0131ras\u0131nda insan ve vatanda\u015f hak ve \u00f6zg\u00fcrl\u00fcklerinin korunmas\u0131, \u00f6zel hayat\u0131n dokunulmazl\u0131\u011f\u0131, ki\u015fisel ve aile s\u0131rlar\u0131n\u0131n korunmas\u0131 dahil olmak \u00fczere haklar\u0131n korunmas\u0131d\u0131r.<br \/>\n1.2. Bu Operat\u00f6r\u00fcn ki\u015fisel verilerin i\u015flenmesi politikas\u0131 (bundan b\u00f6yle Politika olarak an\u0131lacakt\u0131r), Operat\u00f6r\u00fcn web sitesi ziyaret\u00e7ileri hakk\u0131nda elde edebilece\u011fi t\u00fcm bilgilere uygulan\u0131r.<\/p>\n<h2>Politikada Kullan\u0131lan Temel Kavramlar<\/h2>\n<p>2.1. Ki\u015fisel verilerin otomatik i\u015flenmesi &#8211; ki\u015fisel verilerin bilgisayar teknolojisi kullan\u0131larak i\u015flenmesi;<br \/>\n2.2. Ki\u015fisel verilerin bloke edilmesi &#8211; ki\u015fisel verilerin i\u015flenmesinin ge\u00e7ici olarak durdurulmas\u0131 (ki\u015fisel verilerin a\u00e7\u0131kl\u0131\u011fa kavu\u015fturulmas\u0131 gereken durumlar hari\u00e7);<br \/>\n2.3. Web sitesi &#8211; grafik ve bilgi materyallerinin yan\u0131 s\u0131ra, internet \u00fczerinden <a href=\"https:\/\/realeast.biz\/tr\/\" target=\"_new\" rel=\"noopener\">https:\/\/realeast.biz\/<\/a> a\u011f adresinde eri\u015filebilirliklerini sa\u011flayan bilgisayar programlar\u0131 ve veritabanlar\u0131 koleksiyonu;<br \/>\n2.4. Ki\u015fisel veri bilgi sistemi \u2014 veri tabanlar\u0131nda bulunan ki\u015fisel verilerin toplam\u0131 ve bu verilerin i\u015flenmesini sa\u011flayan bilgi teknolojileri ve teknik ara\u00e7lar;<br \/>\n2.5. Ki\u015fisel verilerin anonimle\u015ftirilmesi \u2014 ki\u015fisel verilerin sahipli\u011finin ek bilgi kullan\u0131lmadan belirlenemeyece\u011fi eylemler;<br \/>\n2.6. Ki\u015fisel verilerin i\u015flenmesi \u2013 ki\u015fisel verilerle otomasyon ara\u00e7lar\u0131 kullan\u0131larak veya kullan\u0131lmadan ger\u00e7ekle\u015ftirilen herhangi bir eylem (i\u015flem) veya eylemler (i\u015flemler) toplulu\u011fu, toplama, kay\u0131t, sistemle\u015ftirme, birikim, saklama, g\u00fcncelleme (g\u00fcncelle\u015ftirme, de\u011fi\u015ftirme), \u00e7\u0131karma, kullanma, aktarma (da\u011f\u0131t\u0131m, sa\u011flama, eri\u015fim), anonimle\u015ftirme, bloklama, silme, ki\u015fisel verilerin yok edilmesi dahil;<br \/>\n2.7. Operat\u00f6r \u2013 ki\u015fisel verilerin i\u015flenmesini ba\u011f\u0131ms\u0131z olarak veya di\u011fer ki\u015filerle birlikte organize eden ve (veya) ger\u00e7ekle\u015ftiren ve ki\u015fisel verilerin i\u015flenme ama\u00e7lar\u0131n\u0131, i\u015flenecek ki\u015fisel verilerin bile\u015fimini, ki\u015fisel verilerle ger\u00e7ekle\u015ftirilecek eylemleri (i\u015flemleri) belirleyen devlet organ\u0131, belediye organ\u0131, t\u00fczel veya ger\u00e7ek ki\u015fi;<br \/>\n2.8. Ki\u015fisel veriler \u2013 belirli veya belirlenebilir bir Web sitesi Kullan\u0131c\u0131s\u0131na do\u011frudan veya dolayl\u0131 olarak ili\u015fkin her t\u00fcrl\u00fc bilgi;<br \/>\n2.9. Kullan\u0131c\u0131 \u2013 web sitesinin herhangi bir ziyaret\u00e7isi;<br \/>\n2.10. Ki\u015fisel verilerin sa\u011flanmas\u0131 \u2013 ki\u015fisel verilerin belirli bir ki\u015fiye veya belirli bir ki\u015filer grubuna a\u00e7\u0131klanmas\u0131na y\u00f6nelik eylemler;<br \/>\n2.11. Ki\u015fisel verilerin yay\u0131lmas\u0131 \u2013 ki\u015fisel verilerin belirsiz bir ki\u015filer grubuna a\u00e7\u0131klanmas\u0131na y\u00f6nelik herhangi bir eylem (ki\u015fisel verilerin aktar\u0131lmas\u0131) veya ki\u015fisel verilerle s\u0131n\u0131rs\u0131z bir ki\u015filer grubunun tan\u0131\u015ft\u0131r\u0131lmas\u0131, ki\u015fisel verilerin medyada yay\u0131nlanmas\u0131, bilgi-telekom\u00fcnikasyon a\u011flar\u0131nda yerle\u015ftirilmesi veya ba\u015fka bir \u015fekilde ki\u015fisel verilere eri\u015fim sa\u011flanmas\u0131 dahil;<br \/>\n2.12. Ki\u015fisel verilerin s\u0131n\u0131r \u00f6tesi aktar\u0131m\u0131 \u2013 ki\u015fisel verilerin bir yabanc\u0131 devletin yetkili organ\u0131na, yabanc\u0131 ger\u00e7ek ki\u015fiye veya yabanc\u0131 t\u00fczel ki\u015fiye aktar\u0131lmas\u0131;<br \/>\n2.13. Ki\u015fisel verilerin yok edilmesi \u2013 ki\u015fisel verilerin ki\u015fisel veri bilgi sisteminde i\u00e7eri\u011fin daha sonraki restorasyonu m\u00fcmk\u00fcn olmayacak \u015fekilde geri d\u00f6n\u00fc\u015f\u00fcms\u00fcz olarak yok edilmesi veya ki\u015fisel verilerin materyal ta\u015f\u0131y\u0131c\u0131lar\u0131n\u0131n yok edilmesi eylemleri.<\/p>\n<h2>Operat\u00f6r Kullan\u0131c\u0131n\u0131n Ki\u015fisel Verilerini \u0130\u015fleyebilir<\/h2>\n<p>3.1. Soyad\u0131, ad\u0131, patronimik;<br \/>\n3.2. Elektronik posta adresi;<br \/>\n3.3. Telefon numaralar\u0131;<br \/>\n3.4. Ayr\u0131ca, site (Yandex Metrica, Google Analytics ve di\u011ferleri dahil) internet istatistik hizmetleri kullan\u0131larak ziyaret\u00e7iler hakk\u0131nda anonimle\u015ftirilmi\u015f veriler toplar ve i\u015fler.<br \/>\n3.5. Yukar\u0131da belirtilen veriler, Politikan\u0131n metninde genel olarak Ki\u015fisel Veriler terimi ile birle\u015ftirilmi\u015ftir.<\/p>\n<h2>Ki\u015fisel Verilerin \u0130\u015flenme Ama\u00e7lar\u0131<\/h2>\n<p>4.1. Kullan\u0131c\u0131n\u0131n ki\u015fisel verilerinin i\u015flenme amac\u0131, Kullan\u0131c\u0131ya web sitesinde yer alan hizmetlere, bilgilere ve\/veya materyallere eri\u015fim sa\u011flamakt\u0131r.<br \/>\n4.2. Ayr\u0131ca, Operat\u00f6r yeni \u00fcr\u00fcn ve hizmetler, \u00f6zel teklifler ve \u00e7e\u015fitli etkinlikler hakk\u0131nda Kullan\u0131c\u0131ya bildirimler g\u00f6nderme hakk\u0131na sahiptir. Kullan\u0131c\u0131, <a target=\"_new\" rel=\"noopener\">info@realeast.biz<\/a>\u00a0e-posta adresine &#8220;Yeni \u00fcr\u00fcnler ve hizmetler ile \u00f6zel teklifler hakk\u0131nda bildirim almak istemiyorum&#8221; notu ile Operat\u00f6re bir e-posta g\u00f6ndererek bilgilendirici mesajlar\u0131 almay\u0131 her zaman reddedebilir.<br \/>\n4.3. \u0130nternet istatistik hizmetleri kullan\u0131larak toplanan Kullan\u0131c\u0131lar\u0131n anonimle\u015ftirilmi\u015f verileri, site \u00fczerindeki Kullan\u0131c\u0131 eylemleri hakk\u0131nda bilgi toplamak, sitenin ve i\u00e7eri\u011finin kalitesini iyile\u015ftirmek i\u00e7in kullan\u0131l\u0131r.<\/p>\n<h2>Ki\u015fisel Verilerin \u0130\u015flenmesinin Hukuki Temelleri<\/h2>\n<p>5.1. Operat\u00f6r, Kullan\u0131c\u0131n\u0131n kendi kendine doldurdu\u011fu ve\/veya <a href=\"https:\/\/realeast.biz\/tr\/\" target=\"_new\" rel=\"noopener\">https:\/\/realeast.biz\/<\/a> sitesinde yer alan \u00f6zel formlar arac\u0131l\u0131\u011f\u0131yla kendili\u011finden g\u00f6nderdi\u011fi durumlarda Kullan\u0131c\u0131n\u0131n ki\u015fisel verilerini i\u015fler. \u0130lgili formlar\u0131 doldurarak ve\/veya ki\u015fisel verilerini Operat\u00f6re g\u00f6ndererek, Kullan\u0131c\u0131 bu Politikay\u0131 kabul etmi\u015f olur.<br \/>\n5.2. Operat\u00f6r, Kullan\u0131c\u0131n\u0131n taray\u0131c\u0131 ayarlar\u0131nda izin verilmi\u015fse (cookie&#8217;lerin kaydedilmesi ve JavaScript teknolojisinin kullan\u0131m\u0131 etkinle\u015ftirilmi\u015fse) Kullan\u0131c\u0131 hakk\u0131nda anonimle\u015ftirilmi\u015f verileri i\u015fler.<\/p>\n<h2>Ki\u015fisel Verilerin Toplanmas\u0131, Saklanmas\u0131, Aktar\u0131lmas\u0131 ve Di\u011fer \u0130\u015fleme T\u00fcrleri<\/h2>\n<p>Operat\u00f6r taraf\u0131ndan i\u015flenen ki\u015fisel verilerin g\u00fcvenli\u011fi, ki\u015fisel verilerin korunmas\u0131na dair ge\u00e7erli mevzuata tam olarak uyulmas\u0131n\u0131 sa\u011flamak i\u00e7in gerekli olan yasal, organizasyonel ve teknik \u00f6nlemlerin uygulanmas\u0131yla sa\u011flan\u0131r.<br \/>\n6.1. Operat\u00f6r, ki\u015fisel verilerin g\u00fcvenli\u011fini sa\u011flar ve ki\u015fisel verilere yetkisiz ki\u015filerin eri\u015fimini d\u0131\u015flayan t\u00fcm olas\u0131 \u00f6nlemleri al\u0131r.<br \/>\n6.2. Kullan\u0131c\u0131n\u0131n ki\u015fisel verileri, ge\u00e7erli mevzuata uygun durumlar d\u0131\u015f\u0131nda, hi\u00e7bir ko\u015fulda \u00fc\u00e7\u00fcnc\u00fc taraflara aktar\u0131lmayacakt\u0131r.<br \/>\n6.3. Ki\u015fisel verilerdeki hatalar\u0131n tespit edilmesi durumunda, Kullan\u0131c\u0131 <a target=\"_new\" rel=\"noopener\">info@realeast.biz<\/a>\u00a0e-posta adresine &#8220;Ki\u015fisel Verilerin G\u00fcncellenmesi&#8221; notu ile Operat\u00f6re bir bildirim g\u00f6ndererek bunlar\u0131 ba\u011f\u0131ms\u0131z olarak g\u00fcncelleyebilir.<br \/>\n6.4. Ki\u015fisel verilerin i\u015flenme s\u00fcresi s\u0131n\u0131rs\u0131zd\u0131r. Kullan\u0131c\u0131, <a target=\"_new\" rel=\"noopener\">info@realeast.biz<\/a>\u00a0e-posta adresine &#8220;Ki\u015fisel Verilerin \u0130\u015flenmesine \u0130li\u015fkin Onay\u0131n \u0130ptali&#8221; notu ile Operat\u00f6re bir e-posta g\u00f6ndererek ki\u015fisel verilerin i\u015flenmesine ili\u015fkin onay\u0131n\u0131 her zaman geri alabilir.<\/p>\n<h2>Ki\u015fisel Verilerin S\u0131n\u0131r \u00d6tesi Aktar\u0131m\u0131<\/h2>\n<p>7.1. Operat\u00f6r, ki\u015fisel verilerin aktar\u0131lmas\u0131 planlanan yabanc\u0131 devletin, ki\u015fisel veri sahiplerinin haklar\u0131n\u0131n g\u00fcvenilir bir \u015fekilde korundu\u011funu sa\u011flad\u0131\u011f\u0131ndan emin olmadan ki\u015fisel verilerin s\u0131n\u0131r \u00f6tesi aktar\u0131m\u0131na ba\u015flamadan \u00f6nce bunu sa\u011flamakla y\u00fck\u00fcml\u00fcd\u00fcr.<br \/>\n7.2. Yukar\u0131da belirtilen \u015fartlara uymayan yabanc\u0131 devletlerin topraklar\u0131nda ki\u015fisel verilerin s\u0131n\u0131r \u00f6tesi aktar\u0131m\u0131, yaln\u0131zca ki\u015fisel veri sahibinin ki\u015fisel verilerinin s\u0131n\u0131r \u00f6tesi aktar\u0131m\u0131na yaz\u0131l\u0131 olarak onay vermesi ve\/veya ki\u015fisel veri sahibinin taraf oldu\u011fu bir s\u00f6zle\u015fmenin yerine getirilmesi durumunda ger\u00e7ekle\u015ftirilebilir.<\/p>\n<h2>Son H\u00fck\u00fcmler<\/h2>\n<p>8.1. Kullan\u0131c\u0131, ki\u015fisel verilerinin i\u015flenmesine ili\u015fkin herhangi bir soruya a\u00e7\u0131kl\u0131k getirmek i\u00e7in info@realeast.biz e-posta adresi arac\u0131l\u0131\u011f\u0131yla Operat\u00f6re ba\u015fvurarak ilgili a\u00e7\u0131klamalar\u0131 alabilir.<br \/>\n8.2. Bu belgede, Operat\u00f6r taraf\u0131ndan ki\u015fisel verilerin i\u015flenmesi politikas\u0131ndaki herhangi bir de\u011fi\u015fiklik yans\u0131t\u0131lacakt\u0131r. Politika, yeni bir s\u00fcr\u00fcm\u00fcyle de\u011fi\u015ftirilene kadar s\u00fcresiz olarak ge\u00e7erlidir.<br \/>\n8.3. Politikan\u0131n g\u00fcncel s\u00fcr\u00fcm\u00fc, bu adreste \u0130nternet \u00fczerinden serbest eri\u015fime sunulmu\u015ftur.<\/p>\n","protected":false},"excerpt":{"rendered":"<p>Genel H\u00fck\u00fcmler Bu ki\u015fisel veri i\u015fleme politikas\u0131, 27.07.2006 tarihli ve 152-FZ No&#8217;lu &#8220;Ki\u015fisel Veriler Hakk\u0131nda&#8221; Federal Kanunun gerekliliklerine uygun olarak haz\u0131rlanm\u0131\u015ft\u0131r ve ki\u015fisel verilerin i\u015flenmesi prosed\u00fcr\u00fcn\u00fc ve Real East taraf\u0131ndan (bundan b\u00f6yle Operat\u00f6r olarak an\u0131lacakt\u0131r) ki\u015fisel verilerin g\u00fcvenli\u011fini sa\u011flamak i\u00e7in al\u0131nan \u00f6nlemleri tan\u0131mlar. 1.1. Operat\u00f6r\u00fcn en \u00f6nemli amac\u0131 ve faaliyetlerini ger\u00e7ekle\u015ftirme ko\u015fulu, ki\u015fisel verilerin i\u015flenmesi [&hellip;]<\/p>\n","protected":false},"author":1,"featured_media":0,"parent":0,"menu_order":0,"comment_status":"closed","ping_status":"closed","template":"","meta":{"footnotes":""},"class_list":["post-8330","page","type-page","status-publish","hentry"],"acf":[],"rankMath":{"parentDomain":"realeast.biz","noFollowDomains":[],"noFollowExcludeDomains":[],"noFollowExternalLinks":true,"featuredImageNotice":"\u00d6ne \u00e7\u0131kan g\u00f6rsel, Facebook ve di\u011fer sosyal medya siteleri taraf\u0131ndan al\u0131nabilmesi i\u00e7in en az 200 x 200 piksel olmal\u0131d\u0131r.","pluginReviewed":true,"postSettings":{"linkSuggestions":"[:ru]on[:]","useFocusKeyword":false},"frontEndScore":false,"postName":"policy","permalinkFormat":"https:\/\/realeast.biz\/tr\/policy\/","showLockModifiedDate":true,"assessor":{"focusKeywordLink":"https:\/\/realeast.biz\/wp-admin\/edit.php?focus_keyword=%focus_keyword%&post_type=%post_type%","hasTOCPlugin":true,"primaryTaxonomy":false,"serpData":{"title":"","description":"","focusKeywords":"","pillarContent":false,"canonicalUrl":"","breadcrumbTitle":"","advancedRobots":{"max-snippet":false,"max-video-preview":false,"max-image-preview":false},"facebookTitle":"","facebookDescription":"","facebookImage":"","facebookImageID":"","facebookHasOverlay":false,"facebookImageOverlay":"","facebookAuthor":"","twitterCardType":"","twitterUseFacebook":true,"twitterTitle":"","twitterDescription":"","twitterImage":"","twitterImageID":"","twitterHasOverlay":false,"twitterImageOverlay":"","twitterPlayerUrl":"","twitterPlayerSize":"","twitterPlayerStream":"","twitterPlayerStreamCtype":"","twitterAppDescription":"","twitterAppIphoneName":"","twitterAppIphoneID":"","twitterAppIphoneUrl":"","twitterAppIpadName":"","twitterAppIpadID":"","twitterAppIpadUrl":"","twitterAppGoogleplayName":"","twitterAppGoogleplayID":"","twitterAppGoogleplayUrl":"","twitterAppCountry":"","robots":{"noindex":true},"twitterAuthor":"kullan\u0131c\u0131 ad\u0131","primaryTerm":0,"authorName":"admin","titleTemplate":"[:ru]%title_custom% %sep% Real East[:]","descriptionTemplate":"[:ru]%excerpt_custom%[:]","showScoreFrontend":true,"lockModifiedDate":false},"powerWords":[],"diacritics":{"A":"[\\u0041\\u24B6\\uFF21\\u00C0\\u00C1\\u00C2\\u1EA6\\u1EA4\\u1EAA\\u1EA8\\u00C3\\u0100\\u0102\\u1EB0\\u1EAE\\u1EB4\\u1EB2\\u0226\\u01E0\\u00C4\\u01DE\\u1EA2\\u00C5\\u01FA\\u01CD\\u0200\\u0202\\u1EA0\\u1EAC\\u1EB6\\u1E00\\u0104\\u023A\\u2C6F]","AA":"[\\uA732]","AE":"[\\u00C6\\u01FC\\u01E2]","AO":"[\\uA734]","AU":"[\\uA736]","AV":"[\\uA738\\uA73A]","AY":"[\\uA73C]","B":"[\\u0042\\u24B7\\uFF22\\u1E02\\u1E04\\u1E06\\u0243\\u0182\\u0181]","C":"[\\u0043\\u24B8\\uFF23\\u0106\\u0108\\u010A\\u010C\\u00C7\\u1E08\\u0187\\u023B\\uA73E]","D":"[\\u0044\\u24B9\\uFF24\\u1E0A\\u010E\\u1E0C\\u1E10\\u1E12\\u1E0E\\u0110\\u018B\\u018A\\u0189\\uA779]","DZ":"[\\u01F1\\u01C4]","Dz":"[\\u01F2\\u01C5]","E":"[\\u0045\\u24BA\\uFF25\\u00C8\\u00C9\\u00CA\\u1EC0\\u1EBE\\u1EC4\\u1EC2\\u1EBC\\u0112\\u1E14\\u1E16\\u0114\\u0116\\u00CB\\u1EBA\\u011A\\u0204\\u0206\\u1EB8\\u1EC6\\u0228\\u1E1C\\u0118\\u1E18\\u1E1A\\u0190\\u018E]","F":"[\\u0046\\u24BB\\uFF26\\u1E1E\\u0191\\uA77B]","G":"[\\u0047\\u24BC\\uFF27\\u01F4\\u011C\\u1E20\\u011E\\u0120\\u01E6\\u0122\\u01E4\\u0193\\uA7A0\\uA77D\\uA77E]","H":"[\\u0048\\u24BD\\uFF28\\u0124\\u1E22\\u1E26\\u021E\\u1E24\\u1E28\\u1E2A\\u0126\\u2C67\\u2C75\\uA78D]","I":"[\\u0049\\u24BE\\uFF29\\u00CC\\u00CD\\u00CE\\u0128\\u012A\\u012C\\u0130\\u00CF\\u1E2E\\u1EC8\\u01CF\\u0208\\u020A\\u1ECA\\u012E\\u1E2C\\u0197]","J":"[\\u004A\\u24BF\\uFF2A\\u0134\\u0248]","K":"[\\u004B\\u24C0\\uFF2B\\u1E30\\u01E8\\u1E32\\u0136\\u1E34\\u0198\\u2C69\\uA740\\uA742\\uA744\\uA7A2]","L":"[\\u004C\\u24C1\\uFF2C\\u013F\\u0139\\u013D\\u1E36\\u1E38\\u013B\\u1E3C\\u1E3A\\u0141\\u023D\\u2C62\\u2C60\\uA748\\uA746\\uA780]","LJ":"[\\u01C7]","Lj":"[\\u01C8]","M":"[\\u004D\\u24C2\\uFF2D\\u1E3E\\u1E40\\u1E42\\u2C6E\\u019C]","N":"[\\u004E\\u24C3\\uFF2E\\u01F8\\u0143\\u00D1\\u1E44\\u0147\\u1E46\\u0145\\u1E4A\\u1E48\\u0220\\u019D\\uA790\\uA7A4]","NJ":"[\\u01CA]","Nj":"[\\u01CB]","O":"[\\u004F\\u24C4\\uFF2F\\u00D2\\u00D3\\u00D4\\u1ED2\\u1ED0\\u1ED6\\u1ED4\\u00D5\\u1E4C\\u022C\\u1E4E\\u014C\\u1E50\\u1E52\\u014E\\u022E\\u0230\\u00D6\\u022A\\u1ECE\\u0150\\u01D1\\u020C\\u020E\\u01A0\\u1EDC\\u1EDA\\u1EE0\\u1EDE\\u1EE2\\u1ECC\\u1ED8\\u01EA\\u01EC\\u00D8\\u01FE\\u0186\\u019F\\uA74A\\uA74C]","OI":"[\\u01A2]","OO":"[\\uA74E]","OU":"[\\u0222]","P":"[\\u0050\\u24C5\\uFF30\\u1E54\\u1E56\\u01A4\\u2C63\\uA750\\uA752\\uA754]","Q":"[\\u0051\\u24C6\\uFF31\\uA756\\uA758\\u024A]","R":"[\\u0052\\u24C7\\uFF32\\u0154\\u1E58\\u0158\\u0210\\u0212\\u1E5A\\u1E5C\\u0156\\u1E5E\\u024C\\u2C64\\uA75A\\uA7A6\\uA782]","S":"[\\u0053\\u24C8\\uFF33\\u1E9E\\u015A\\u1E64\\u015C\\u1E60\\u0160\\u1E66\\u1E62\\u1E68\\u0218\\u015E\\u2C7E\\uA7A8\\uA784]","T":"[\\u0054\\u24C9\\uFF34\\u1E6A\\u0164\\u1E6C\\u021A\\u0162\\u1E70\\u1E6E\\u0166\\u01AC\\u01AE\\u023E\\uA786]","TZ":"[\\uA728]","U":"[\\u0055\\u24CA\\uFF35\\u00D9\\u00DA\\u00DB\\u0168\\u1E78\\u016A\\u1E7A\\u016C\\u00DC\\u01DB\\u01D7\\u01D5\\u01D9\\u1EE6\\u016E\\u0170\\u01D3\\u0214\\u0216\\u01AF\\u1EEA\\u1EE8\\u1EEE\\u1EEC\\u1EF0\\u1EE4\\u1E72\\u0172\\u1E76\\u1E74\\u0244]","V":"[\\u0056\\u24CB\\uFF36\\u1E7C\\u1E7E\\u01B2\\uA75E\\u0245]","VY":"[\\uA760]","W":"[\\u0057\\u24CC\\uFF37\\u1E80\\u1E82\\u0174\\u1E86\\u1E84\\u1E88\\u2C72]","X":"[\\u0058\\u24CD\\uFF38\\u1E8A\\u1E8C]","Y":"[\\u0059\\u24CE\\uFF39\\u1EF2\\u00DD\\u0176\\u1EF8\\u0232\\u1E8E\\u0178\\u1EF6\\u1EF4\\u01B3\\u024E\\u1EFE]","Z":"[\\u005A\\u24CF\\uFF3A\\u0179\\u1E90\\u017B\\u017D\\u1E92\\u1E94\\u01B5\\u0224\\u2C7F\\u2C6B\\uA762]","a":"[\\u0061\\u24D0\\uFF41\\u1E9A\\u00E0\\u00E1\\u00E2\\u1EA7\\u1EA5\\u1EAB\\u1EA9\\u00E3\\u0101\\u0103\\u1EB1\\u1EAF\\u1EB5\\u1EB3\\u0227\\u01E1\\u00E4\\u01DF\\u1EA3\\u00E5\\u01FB\\u01CE\\u0201\\u0203\\u1EA1\\u1EAD\\u1EB7\\u1E01\\u0105\\u2C65\\u0250]","aa":"[\\uA733]","ae":"[\\u00E6\\u01FD\\u01E3]","ao":"[\\uA735]","au":"[\\uA737]","av":"[\\uA739\\uA73B]","ay":"[\\uA73D]","b":"[\\u0062\\u24D1\\uFF42\\u1E03\\u1E05\\u1E07\\u0180\\u0183\\u0253]","c":"[\\u0063\\u24D2\\uFF43\\u0107\\u0109\\u010B\\u010D\\u00E7\\u1E09\\u0188\\u023C\\uA73F\\u2184]","d":"[\\u0064\\u24D3\\uFF44\\u1E0B\\u010F\\u1E0D\\u1E11\\u1E13\\u1E0F\\u0111\\u018C\\u0256\\u0257\\uA77A]","dz":"[\\u01F3\\u01C6]","e":"[\\u0065\\u24D4\\uFF45\\u00E8\\u00E9\\u00EA\\u1EC1\\u1EBF\\u1EC5\\u1EC3\\u1EBD\\u0113\\u1E15\\u1E17\\u0115\\u0117\\u00EB\\u1EBB\\u011B\\u0205\\u0207\\u1EB9\\u1EC7\\u0229\\u1E1D\\u0119\\u1E19\\u1E1B\\u0247\\u025B\\u01DD]","f":"[\\u0066\\u24D5\\uFF46\\u1E1F\\u0192\\uA77C]","g":"[\\u0067\\u24D6\\uFF47\\u01F5\\u011D\\u1E21\\u011F\\u0121\\u01E7\\u0123\\u01E5\\u0260\\uA7A1\\u1D79\\uA77F]","h":"[\\u0068\\u24D7\\uFF48\\u0125\\u1E23\\u1E27\\u021F\\u1E25\\u1E29\\u1E2B\\u1E96\\u0127\\u2C68\\u2C76\\u0265]","hv":"[\\u0195]","i":"[\\u0069\\u24D8\\uFF49\\u00EC\\u00ED\\u00EE\\u0129\\u012B\\u012D\\u00EF\\u1E2F\\u1EC9\\u01D0\\u0209\\u020B\\u1ECB\\u012F\\u1E2D\\u0268\\u0131]","j":"[\\u006A\\u24D9\\uFF4A\\u0135\\u01F0\\u0249]","k":"[\\u006B\\u24DA\\uFF4B\\u1E31\\u01E9\\u1E33\\u0137\\u1E35\\u0199\\u2C6A\\uA741\\uA743\\uA745\\uA7A3]","l":"[\\u006C\\u24DB\\uFF4C\\u0140\\u013A\\u013E\\u1E37\\u1E39\\u013C\\u1E3D\\u1E3B\\u017F\\u0142\\u019A\\u026B\\u2C61\\uA749\\uA781\\uA747]","lj":"[\\u01C9]","m":"[\\u006D\\u24DC\\uFF4D\\u1E3F\\u1E41\\u1E43\\u0271\\u026F]","n":"[\\u006E\\u24DD\\uFF4E\\u01F9\\u0144\\u00F1\\u1E45\\u0148\\u1E47\\u0146\\u1E4B\\u1E49\\u019E\\u0272\\u0149\\uA791\\uA7A5]","nj":"[\\u01CC]","o":"[\\u006F\\u24DE\\uFF4F\\u00F2\\u00F3\\u00F4\\u1ED3\\u1ED1\\u1ED7\\u1ED5\\u00F5\\u1E4D\\u022D\\u1E4F\\u014D\\u1E51\\u1E53\\u014F\\u022F\\u0231\\u00F6\\u022B\\u1ECF\\u0151\\u01D2\\u020D\\u020F\\u01A1\\u1EDD\\u1EDB\\u1EE1\\u1EDF\\u1EE3\\u1ECD\\u1ED9\\u01EB\\u01ED\\u00F8\\u01FF\\u0254\\uA74B\\uA74D\\u0275]","oi":"[\\u01A3]","ou":"[\\u0223]","oo":"[\\uA74F]","p":"[\\u0070\\u24DF\\uFF50\\u1E55\\u1E57\\u01A5\\u1D7D\\uA751\\uA753\\uA755]","q":"[\\u0071\\u24E0\\uFF51\\u024B\\uA757\\uA759]","r":"[\\u0072\\u24E1\\uFF52\\u0155\\u1E59\\u0159\\u0211\\u0213\\u1E5B\\u1E5D\\u0157\\u1E5F\\u024D\\u027D\\uA75B\\uA7A7\\uA783]","s":"[\\u0073\\u24E2\\uFF53\\u015B\\u1E65\\u015D\\u1E61\\u0161\\u1E67\\u1E63\\u1E69\\u0219\\u015F\\u023F\\uA7A9\\uA785\\u1E9B]","ss":"[\\u00DF]","t":"[\\u0074\\u24E3\\uFF54\\u1E6B\\u1E97\\u0165\\u1E6D\\u021B\\u0163\\u1E71\\u1E6F\\u0167\\u01AD\\u0288\\u2C66\\uA787]","tz":"[\\uA729]","u":"[\\u0075\\u24E4\\uFF55\\u00F9\\u00FA\\u00FB\\u0169\\u1E79\\u016B\\u1E7B\\u016D\\u00FC\\u01DC\\u01D8\\u01D6\\u01DA\\u1EE7\\u016F\\u0171\\u01D4\\u0215\\u0217\\u01B0\\u1EEB\\u1EE9\\u1EEF\\u1EED\\u1EF1\\u1EE5\\u1E73\\u0173\\u1E77\\u1E75\\u0289]","v":"[\\u0076\\u24E5\\uFF56\\u1E7D\\u1E7F\\u028B\\uA75F\\u028C]","vy":"[\\uA761]","w":"[\\u0077\\u24E6\\uFF57\\u1E81\\u1E83\\u0175\\u1E87\\u1E85\\u1E98\\u1E89\\u2C73]","x":"[\\u0078\\u24E7\\uFF58\\u1E8B\\u1E8D]","y":"[\\u0079\\u24E8\\uFF59\\u1EF3\\u00FD\\u0177\\u1EF9\\u0233\\u1E8F\\u00FF\\u1EF7\\u1E99\\u1EF5\\u01B4\\u024F\\u1EFF]","z":"[\\u007A\\u24E9\\uFF5A\\u017A\\u1E91\\u017C\\u017E\\u1E93\\u1E95\\u01B6\\u0225\\u0240\\u2C6C\\uA763]"},"researchesTests":["contentHasTOC","contentHasShortParagraphs","contentHasAssets","keywordInTitle","keywordInMetaDescription","keywordInPermalink","keywordIn10Percent","keywordInContent","keywordInSubheadings","keywordInImageAlt","keywordDensity","keywordNotUsed","lengthContent","lengthPermalink","linksHasInternal","linksHasExternals","linksNotAllExternals","titleStartWithKeyword","titleSentiment","titleHasPowerWords","titleHasNumber","hasContentAI"],"hasRedirection":true,"hasBreadcrumb":false},"homeUrl":"https:\/\/realeast.biz\/tr","objectID":8330,"objectType":"post","locale":"tr","localeFull":"tr_TR","overlayImages":{"play":{"name":"Oynatma simgesi","url":"https:\/\/realeast.biz\/wp-content\/plugins\/seo-by-rank-math\/assets\/admin\/img\/icon-play.png","path":"\/var\/www\/admin\/data\/www\/realeast.biz\/wp-content\/plugins\/seo-by-rank-math\/assets\/admin\/img\/icon-play.png","position":"middle_center"},"gif":{"name":"GIF simgesi","url":"https:\/\/realeast.biz\/wp-content\/plugins\/seo-by-rank-math\/assets\/admin\/img\/icon-gif.png","path":"\/var\/www\/admin\/data\/www\/realeast.biz\/wp-content\/plugins\/seo-by-rank-math\/assets\/admin\/img\/icon-gif.png","position":"middle_center"}},"defautOgImage":"https:\/\/realeast.biz\/wp-content\/uploads\/2021\/04\/af0e306d-938b-485d-9dcf-78e53643ab93.jpg","customPermalinks":true,"isUserRegistered":true,"autoSuggestKeywords":true,"connectSiteUrl":"https:\/\/rankmath.com\/auth?site=https%3A%2F%2Frealeast.biz%2Ftr&r=https%3A%2F%2Frealeast.biz%2Ftr%2Fwp-json%2Fwp%2Fv2%2Fpages%2F8330%3Fnonce%3D39d7f8964d&pro=1","maxTags":100,"trendsIcon":"<svg viewBox=\"0 0 610 610\"><path d=\"M18.85,446,174.32,290.48l58.08,58.08L76.93,504a14.54,14.54,0,0,1-20.55,0L18.83,466.48a14.54,14.54,0,0,1,0-20.55Z\" style=\"fill:#4285f4\"\/><path d=\"M242.65,242.66,377.59,377.6l-47.75,47.75a14.54,14.54,0,0,1-20.55,0L174.37,290.43l47.75-47.75A14.52,14.52,0,0,1,242.65,242.66Z\" style=\"fill:#ea4335\"\/><polygon points=\"319.53 319.53 479.26 159.8 537.34 217.88 377.61 377.62 319.53 319.53\" style=\"fill:#fabb05\"\/><path d=\"M594.26,262.73V118.61h0a16.94,16.94,0,0,0-16.94-16.94H433.2a16.94,16.94,0,0,0-12,28.92L565.34,274.71h0a16.94,16.94,0,0,0,28.92-12Z\" style=\"fill:#34a853\"\/><rect width=\"610\" height=\"610\" style=\"fill:none\"\/><\/svg>","showScore":true,"siteFavIcon":"https:\/\/realeast.biz\/wp-content\/uploads\/2022\/05\/cropped-logo-1-32x32.png","canUser":{"general":false,"advanced":false,"snippet":false,"social":false,"analysis":false,"analytics":false,"content_ai":false},"showKeywordIntent":true,"isPro":true,"is_front_page":false,"trendsUpgradeLink":"https:\/\/rankmath.com\/pricing\/?utm_source=Plugin&utm_medium=CE%20General%20Tab%20Trends&utm_campaign=WP","trendsUpgradeLabel":"Y\u00fckseltin","trendsPreviewImage":"https:\/\/realeast.biz\/wp-content\/plugins\/seo-by-rank-math\/assets\/admin\/img\/trends-preview.jpg","currentEditor":false,"homepageData":{"assessor":{"powerWords":[],"diacritics":true,"researchesTests":["contentHasTOC","contentHasShortParagraphs","contentHasAssets","keywordInTitle","keywordInMetaDescription","keywordInPermalink","keywordIn10Percent","keywordInContent","keywordInSubheadings","keywordInImageAlt","keywordDensity","keywordNotUsed","lengthContent","lengthPermalink","linksHasInternal","linksHasExternals","linksNotAllExternals","titleStartWithKeyword","titleSentiment","titleHasPowerWords","titleHasNumber","hasContentAI"],"hasBreadcrumb":false,"serpData":{"title":"[:ru]%sitename% %page% %sep% %sitedesc%[:]","description":"","titleTemplate":"%sitename% %page% %sep% %sitedesc%","descriptionTemplate":"","focusKeywords":"","breadcrumbTitle":"[:ru]Home[:tr]Home[:]","robots":{"index":true},"advancedRobots":{"max-snippet":false,"max-video-preview":false,"max-image-preview":false},"facebookTitle":"","facebookDescription":"","facebookImage":"","facebookImageID":""}}}},"_links":{"self":[{"href":"https:\/\/realeast.biz\/tr\/wp-json\/wp\/v2\/pages\/8330","targetHints":{"allow":["GET"]}}],"collection":[{"href":"https:\/\/realeast.biz\/tr\/wp-json\/wp\/v2\/pages"}],"about":[{"href":"https:\/\/realeast.biz\/tr\/wp-json\/wp\/v2\/types\/page"}],"author":[{"embeddable":true,"href":"https:\/\/realeast.biz\/tr\/wp-json\/wp\/v2\/users\/1"}],"replies":[{"embeddable":true,"href":"https:\/\/realeast.biz\/tr\/wp-json\/wp\/v2\/comments?post=8330"}],"version-history":[{"count":0,"href":"https:\/\/realeast.biz\/tr\/wp-json\/wp\/v2\/pages\/8330\/revisions"}],"wp:attachment":[{"href":"https:\/\/realeast.biz\/tr\/wp-json\/wp\/v2\/media?parent=8330"}],"curies":[{"name":"wp","href":"https:\/\/api.w.org\/{rel}","templated":true}]}}