{"id":9232,"date":"2021-10-17T20:00:45","date_gmt":"2021-10-17T20:00:45","guid":{"rendered":"https:\/\/realeast.biz\/ru\/?page_id=9232"},"modified":"2025-04-21T14:57:15","modified_gmt":"2025-04-21T14:57:15","slug":"rajon-bebek-v-stambule","status":"publish","type":"page","link":"https:\/\/realeast.biz\/tr\/rajon-bebek-v-stambule\/","title":{"rendered":"\u0130stanbul&#039;un Bebek Mahallesi"},"content":{"rendered":"<h2>Bebek \u0130l\u00e7esinin altyap\u0131s\u0131<\/h2>\n<p>Bebek, \u0130stanbul&#8217;un Avrupa k\u0131y\u0131s\u0131nda yer alan \u015f\u0131k ve b\u00fcy\u00fcleyici bir sahil b\u00f6lgesidir. \u0130stanbul&#8217;un se\u00e7kinleri burada ya\u015f\u0131yor. Restoranlar\u0131, sahil kafeleri, en iyi deniz mahsullerine sahip bal\u0131k\u00e7\u0131lar ve badem ezmesi ile tan\u0131n\u0131r. Bebek \u00f6zellikle turistler aras\u0131nda pop\u00fclerdir. \u0130stanbul&#8217;un Bebek b\u00f6lgesinde emlak fiyatlar\u0131 her zaman y\u00fcksekti.<\/p>\n<figure id=\"attachment_9240\" style=\"width: 800px\"  class=\"wp-caption alignnone\"><img fetchpriority=\"high\" decoding=\"async\" class=\"size-medium_16x9 wp-image-9240\" src=\"https:\/\/realeast.biz\/wp-content\/uploads\/2021\/10\/rajon-bebek-v-stambule-2-800x450.jpg\" alt=\"\u041f\u043b\u044f\u0436 \u0411\u0435\u0431\u0435\u043a \u0432 \u0421\u0442\u0430\u043c\u0431\u0443\u043b\u0435\" width=\"800\" height=\"450\" srcset=\"https:\/\/realeast.biz\/wp-content\/uploads\/2021\/10\/rajon-bebek-v-stambule-2-800x450.jpg 800w, https:\/\/realeast.biz\/wp-content\/uploads\/2021\/10\/rajon-bebek-v-stambule-2-1024x576.jpg 1024w, https:\/\/realeast.biz\/wp-content\/uploads\/2021\/10\/rajon-bebek-v-stambule-2-200x113.jpg 200w\" sizes=\"(max-width: 800px) 100vw, 800px\" \/><figcaption class=\"wp-caption-text\">\u0130stanbul&#8217;daki Bebek Plaj\u0131<\/figcaption><\/figure>\n<p>Be\u015fikta\u015f&#8217;\u0131n en \u00fcnl\u00fc semtlerinden biri ad\u0131n\u0131 Osmanl\u0131 Pa\u015fa&#8217;n\u0131n Bebek \u00c7elebi adl\u0131 kona\u011f\u0131ndan al\u0131yor. \u0130stanbul&#8217;un l\u00fcks yerlerinden biri olarak bilinen, ancak Osmanl\u0131 \u0130mparatorlu\u011fu&#8217;nun \u00e7\u00f6k\u00fc\u015f\u00fcnden sonra geli\u015fmeye ba\u015flad\u0131. Y\u00fczy\u0131lda konaklar ve bah\u00e7eler dikildi. Y\u00fczy\u0131l\u0131n ortalar\u0131nda feribotlar\u0131n ve tramvaylar\u0131n geli\u015finden etkilenmi\u015ftir.<br \/>\nBebek semtindeki al\u0131\u015fveri\u015f merkezleri<\/p>\n<p>Se\u00e7kin bir b\u00f6lge olan Bebek, en iyi al\u0131\u015fveri\u015f merkezlerini ve se\u00e7kin butikleri bir araya getirdi. \u00d6rne\u011fin:<\/p>\n<ol>\n<li>T\u00fcrkiye&#8217;nin ilk karma kullan\u0131ml\u0131 al\u0131\u015fveri\u015f merkezi olan iki k\u0131tan\u0131n kav\u015fa\u011f\u0131nda yer alan Zorlu Center, d\u00fcnyaca \u00fcnl\u00fc markalar\u0131n se\u00e7kin restoran ve al\u0131\u015fveri\u015f merkezlerine, T\u00fcrkiye&#8217;nin en b\u00fcy\u00fck sanat merkezine ve modern ofis ve konut konseptine ev sahipli\u011fi yapmaktad\u0131r.<\/li>\n<li>Akmerkez, Etiler&#8217;deki eski al\u0131\u015fveri\u015f merkezlerinden biri olan bir al\u0131\u015fveri\u015f merkezidir.<\/li>\n<li>Beymen, T\u00fcrkiye&#8217;nin en g\u00fczel ma\u011fazalar\u0131ndan biri, erkek ve kad\u0131n giyim \u00fcr\u00fcnleri ile \u00e7al\u0131\u015f\u0131yor, \u00e7anta aksesuarlar\u0131 g\u00fczel, b\u00fcy\u00fck beden k\u0131yafetleri.<\/li>\n<li>Dolmabah\u00e7e Sanat Galerisi &#8211; Dolmabah\u00e7e Saray\u0131&#8217;nda bulunan Dolmabah\u00e7e Sanat Galerisi&#8217;nde bir\u00e7ok \u00fcnl\u00fc sanat\u00e7\u0131n\u0131n resimleri sergileniyor.<\/li>\n<li>Hazal Kilim (Hazal Hal\u0131) el dokumas\u0131 hal\u0131lard\u0131r.<\/li>\n<\/ol>\n<p>Dior, Louis Vuitton, Bvlgari, Valentino, Vakko gibi butikler.<\/p>\n<figure id=\"attachment_9242\" style=\"width: 800px\"  class=\"wp-caption alignnone\"><img decoding=\"async\" class=\"size-medium_16x9 wp-image-9242\" src=\"https:\/\/realeast.biz\/wp-content\/uploads\/2021\/10\/rajon-bebek-v-stambule-800x450.jpg\" alt=\"\u0411\u0435\u0431\u0435\u043a \u0411\u0430\u0445\u0447\u0435\u0448\u0435\u0445\u0438\u0440\" width=\"800\" height=\"450\" srcset=\"https:\/\/realeast.biz\/wp-content\/uploads\/2021\/10\/rajon-bebek-v-stambule-800x450.jpg 800w, https:\/\/realeast.biz\/wp-content\/uploads\/2021\/10\/rajon-bebek-v-stambule-1280x720.jpg 1280w, https:\/\/realeast.biz\/wp-content\/uploads\/2021\/10\/rajon-bebek-v-stambule-200x113.jpg 200w\" sizes=\"(max-width: 800px) 100vw, 800px\" \/><figcaption class=\"wp-caption-text\">Bebek Bah\u00e7e\u015fehir<\/figcaption><\/figure>\n<h2>Bebek b\u00f6lgesinde toplu ta\u015f\u0131ma<\/h2>\n<p>Be\u015fikta\u015f veya Kabata\u015f&#8217;tan kalkan ve k\u0131y\u0131 \u015feridinden ge\u00e7en herhangi bir otob\u00fcsle Bebek b\u00f6lgesine gidebilirsiniz. Ayr\u0131ca minib\u00fcs ve minib\u00fcs hatt\u0131ndan veya feribotla da ula\u015fabilirsiniz. En uygun ve etkileyici ula\u015f\u0131m arac\u0131 \u015f\u00fcphesiz feribottur. Yol boyunca k\u0131y\u0131n\u0131n muhte\u015fem manzaras\u0131n\u0131 d\u00fc\u015f\u00fcnmek, tam bir g\u00f6n\u00fcl rahatl\u0131\u011f\u0131 sa\u011flar. Araban\u0131zla Bo\u011faz&#8217;dan giderseniz, manzaralar feribottan daha k\u00f6t\u00fc olmayacakt\u0131r.<\/p>\n<h2>Bebekte nereye gidilir. Turistik yerler<\/h2>\n<p>Uzun bir ge\u00e7mi\u015fi olan b\u00f6lgede bir\u00e7ok tarihi bina, ziyaret edilecek yer ve kafe bulunmaktad\u0131r. \u00d6rne\u011fin, 1726 y\u0131l\u0131nda kay\u0131nbiraderi \u0130brahim Pa\u015fa taraf\u0131ndan yapt\u0131r\u0131lan cami. Valide Pa\u015fa Kona\u011f\u0131, 1902 y\u0131l\u0131nda \u0130talyan mimar Raimondo D&#8217;aronco taraf\u0131ndan yapt\u0131r\u0131lm\u0131\u015ft\u0131r.<\/p>\n<p>Rumeli Kalesi, \u0130stanbul&#8217;un fethi s\u0131ras\u0131nda Fatih Sultan Mehmet taraf\u0131ndan Bizans&#8217;\u0131n Bo\u011faz&#8217;dan yard\u0131m\u0131n\u0131 \u00f6nlemek i\u00e7in in\u015fa edilmi\u015ftir. Buras\u0131 Bebek&#8217;te g\u00f6r\u00fclmeye de\u011fer ilk yerlerden biri. A\u00e7\u0131k hava m\u00fczesi olan binada ara s\u0131ra g\u00f6steriler ve konserler d\u00fczenlenmektedir.<\/p>\n<p>Rumeli kalesi ile Bebek&#8217;in merkezi aras\u0131nda Ashiyan yer almaktad\u0131r. \u015eair Tevfik Fikret&#8217;in kona\u011f\u0131na ev sahipli\u011fi yapmaktad\u0131r. \u00c7eviride A\u015fiyan, &#8220;ku\u015f yuvas\u0131&#8221; anlam\u0131na gelir. Aksine bu konak, \u0130stanbul&#8217;un \u00fcnl\u00fc mezarl\u0131klar\u0131ndan birinin muhte\u015fem manzaras\u0131n\u0131 sunmaktad\u0131r.<\/p>\n<p>Bebek Park\u0131 ve plaj\u0131 yaz ak\u015famlar\u0131nda y\u00fcr\u00fcy\u00fc\u015f yapmak i\u00e7in ideal bir yerdir. Parktan ba\u015flayarak yola \u00e7\u0131kan \u015f\u0131k kafe-restoranlar ve \u00fcnl\u00fc markalar\u0131n ma\u011fazalar\u0131 dizildi. Mini Ice Cream Cafe ve Baylan Patisserie \u00f6zellikle pop\u00fclerdir.<\/p>\n<figure id=\"attachment_9241\" style=\"width: 800px\"  class=\"wp-caption alignnone\"><img decoding=\"async\" class=\"size-medium_16x9 wp-image-9241\" src=\"https:\/\/realeast.biz\/wp-content\/uploads\/2021\/10\/rajon-bebek-v-stambule-3-800x450.jpg\" alt=\"\u041c\u043e\u0441\u0442 \u0411\u043e\u0441\u0444\u043e\u0440 \u0432 \u0440\u0430\u0439\u043e\u043d\u0435 \u0411\u0435\u0431\u0435\u043a\" width=\"800\" height=\"450\" srcset=\"https:\/\/realeast.biz\/wp-content\/uploads\/2021\/10\/rajon-bebek-v-stambule-3-800x450.jpg 800w, https:\/\/realeast.biz\/wp-content\/uploads\/2021\/10\/rajon-bebek-v-stambule-3-300x169.jpg 300w, https:\/\/realeast.biz\/wp-content\/uploads\/2021\/10\/rajon-bebek-v-stambule-3-1024x576.jpg 1024w, https:\/\/realeast.biz\/wp-content\/uploads\/2021\/10\/rajon-bebek-v-stambule-3-768x432.jpg 768w, https:\/\/realeast.biz\/wp-content\/uploads\/2021\/10\/rajon-bebek-v-stambule-3-1536x864.jpg 1536w, https:\/\/realeast.biz\/wp-content\/uploads\/2021\/10\/rajon-bebek-v-stambule-3-200x113.jpg 200w, https:\/\/realeast.biz\/wp-content\/uploads\/2021\/10\/rajon-bebek-v-stambule-3.jpg 1706w\" sizes=\"(max-width: 800px) 100vw, 800px\" \/><figcaption class=\"wp-caption-text\">Bebek Mahallesi&#8217;ndeki Bo\u011faz K\u00f6pr\u00fcs\u00fc<\/figcaption><\/figure>\n<h2>\u0130stanbul&#8217;un Bebek b\u00f6lgesinde emlak fiyatlar\u0131<\/h2>\n<p>\u0130stanbul Bebek b\u00f6lgesinde emlak fiyatlar\u0131n\u0131n olduk\u00e7a y\u00fcksek oldu\u011fu l\u00fcks bir b\u00f6lgedir. 1+1 k\u00fc\u00e7\u00fck bir dairenin ortalama fiyat\u0131 3.000.000 TL&#8217;den ba\u015flarken, 4+1 daha geni\u015f bir oda 50.000.000 TL&#8217;ye mal olabilir.<\/p>\n<p>Her zaman ve her yerde sat\u0131n alabilirsiniz, as\u0131l \u015fey do\u011fru fiyat\u0131 bulmakt\u0131r. Bu konuda size yard\u0131mc\u0131 olabiliriz. Sitemizde makul bir fiyata sat\u0131lan \u00e7ok iyi se\u00e7enekler var. \u0130stanbul&#8217;un Bebek semtinde bir daire sat\u0131n almak ister misiniz? Biz sadece sizi bekliyoruz!<\/p>\n","protected":false},"excerpt":{"rendered":"<p>Bebek \u0130l\u00e7esinin altyap\u0131s\u0131 Bebek, \u0130stanbul&#8217;un Avrupa k\u0131y\u0131s\u0131nda yer alan \u015f\u0131k ve b\u00fcy\u00fcleyici bir sahil b\u00f6lgesidir. \u0130stanbul&#8217;un se\u00e7kinleri burada ya\u015f\u0131yor. Restoranlar\u0131, sahil kafeleri, en iyi deniz mahsullerine sahip bal\u0131k\u00e7\u0131lar ve badem ezmesi ile tan\u0131n\u0131r. Bebek \u00f6zellikle turistler aras\u0131nda pop\u00fclerdir. \u0130stanbul&#8217;un Bebek b\u00f6lgesinde emlak fiyatlar\u0131 her zaman y\u00fcksekti. Be\u015fikta\u015f&#8217;\u0131n en \u00fcnl\u00fc semtlerinden biri ad\u0131n\u0131 Osmanl\u0131 Pa\u015fa&#8217;n\u0131n Bebek [&hellip;]<\/p>\n","protected":false},"author":1,"featured_media":9239,"parent":0,"menu_order":0,"comment_status":"closed","ping_status":"closed","template":"landing.php","meta":{"footnotes":""},"class_list":["post-9232","page","type-page","status-publish","has-post-thumbnail","hentry"],"acf":[],"rankMath":{"parentDomain":"realeast.biz","noFollowDomains":[],"noFollowExcludeDomains":[],"noFollowExternalLinks":true,"featuredImageNotice":"\u00d6ne \u00e7\u0131kan g\u00f6rsel, Facebook ve di\u011fer sosyal medya siteleri taraf\u0131ndan al\u0131nabilmesi i\u00e7in en az 200 x 200 piksel olmal\u0131d\u0131r.","pluginReviewed":true,"postSettings":{"linkSuggestions":"[:ru]on[:]","useFocusKeyword":false},"frontEndScore":false,"postName":"rajon-bebek-v-stambule","permalinkFormat":"https:\/\/realeast.biz\/tr\/rajon-bebek-v-stambule\/","showLockModifiedDate":true,"assessor":{"focusKeywordLink":"https:\/\/realeast.biz\/wp-admin\/edit.php?focus_keyword=%focus_keyword%&post_type=%post_type%","hasTOCPlugin":true,"primaryTaxonomy":false,"serpData":{"title":"%title_custom% - T\u00fcrkiye, Dubai ve Suudi Arabistan\u2019da Gayrimenkul","description":"Bebek, \u0130stanbul'un Be\u015fikta\u015f il\u00e7esinde, Bo\u011faz'\u0131n Avrupa yakas\u0131nda bir mahalledir. Rumeli Hisar\u0131 ile Arnavutk\u00f6y aras\u0131nda yer almaktad\u0131r. Buras\u0131 \u00e7o\u011funlukla y\u00fcksek gelirli insanlar\u0131n ya\u015fad\u0131\u011f\u0131 bir aland\u0131r. Ayr\u0131ca haftan\u0131n her g\u00fcn\u00fc harika vakit ge\u00e7irebilece\u011finiz ayn\u0131 ad\u0131 ta\u015f\u0131yan bir deniz koyuna sahiptir.","focusKeywords":"\u0411\u0435\u0431\u0435\u043a","pillarContent":false,"canonicalUrl":"","breadcrumbTitle":"","advancedRobots":{"max-snippet":false,"max-video-preview":false,"max-image-preview":false},"facebookTitle":"","facebookDescription":"","facebookImage":"","facebookImageID":"","facebookHasOverlay":false,"facebookImageOverlay":"","facebookAuthor":"","twitterCardType":"","twitterUseFacebook":true,"twitterTitle":"","twitterDescription":"","twitterImage":"","twitterImageID":"","twitterHasOverlay":false,"twitterImageOverlay":"","twitterPlayerUrl":"","twitterPlayerSize":"","twitterPlayerStream":"","twitterPlayerStreamCtype":"","twitterAppDescription":"","twitterAppIphoneName":"","twitterAppIphoneID":"","twitterAppIphoneUrl":"","twitterAppIpadName":"","twitterAppIpadID":"","twitterAppIpadUrl":"","twitterAppGoogleplayName":"","twitterAppGoogleplayID":"","twitterAppGoogleplayUrl":"","twitterAppCountry":"","robots":{"index":true},"twitterAuthor":"kullan\u0131c\u0131 ad\u0131","primaryTerm":0,"authorName":"admin","titleTemplate":"[:ru]%title_custom% %sep% Real East[:]","descriptionTemplate":"[:ru]%excerpt_custom%[:]","showScoreFrontend":true,"lockModifiedDate":false},"powerWords":[],"diacritics":{"A":"[\\u0041\\u24B6\\uFF21\\u00C0\\u00C1\\u00C2\\u1EA6\\u1EA4\\u1EAA\\u1EA8\\u00C3\\u0100\\u0102\\u1EB0\\u1EAE\\u1EB4\\u1EB2\\u0226\\u01E0\\u00C4\\u01DE\\u1EA2\\u00C5\\u01FA\\u01CD\\u0200\\u0202\\u1EA0\\u1EAC\\u1EB6\\u1E00\\u0104\\u023A\\u2C6F]","AA":"[\\uA732]","AE":"[\\u00C6\\u01FC\\u01E2]","AO":"[\\uA734]","AU":"[\\uA736]","AV":"[\\uA738\\uA73A]","AY":"[\\uA73C]","B":"[\\u0042\\u24B7\\uFF22\\u1E02\\u1E04\\u1E06\\u0243\\u0182\\u0181]","C":"[\\u0043\\u24B8\\uFF23\\u0106\\u0108\\u010A\\u010C\\u00C7\\u1E08\\u0187\\u023B\\uA73E]","D":"[\\u0044\\u24B9\\uFF24\\u1E0A\\u010E\\u1E0C\\u1E10\\u1E12\\u1E0E\\u0110\\u018B\\u018A\\u0189\\uA779]","DZ":"[\\u01F1\\u01C4]","Dz":"[\\u01F2\\u01C5]","E":"[\\u0045\\u24BA\\uFF25\\u00C8\\u00C9\\u00CA\\u1EC0\\u1EBE\\u1EC4\\u1EC2\\u1EBC\\u0112\\u1E14\\u1E16\\u0114\\u0116\\u00CB\\u1EBA\\u011A\\u0204\\u0206\\u1EB8\\u1EC6\\u0228\\u1E1C\\u0118\\u1E18\\u1E1A\\u0190\\u018E]","F":"[\\u0046\\u24BB\\uFF26\\u1E1E\\u0191\\uA77B]","G":"[\\u0047\\u24BC\\uFF27\\u01F4\\u011C\\u1E20\\u011E\\u0120\\u01E6\\u0122\\u01E4\\u0193\\uA7A0\\uA77D\\uA77E]","H":"[\\u0048\\u24BD\\uFF28\\u0124\\u1E22\\u1E26\\u021E\\u1E24\\u1E28\\u1E2A\\u0126\\u2C67\\u2C75\\uA78D]","I":"[\\u0049\\u24BE\\uFF29\\u00CC\\u00CD\\u00CE\\u0128\\u012A\\u012C\\u0130\\u00CF\\u1E2E\\u1EC8\\u01CF\\u0208\\u020A\\u1ECA\\u012E\\u1E2C\\u0197]","J":"[\\u004A\\u24BF\\uFF2A\\u0134\\u0248]","K":"[\\u004B\\u24C0\\uFF2B\\u1E30\\u01E8\\u1E32\\u0136\\u1E34\\u0198\\u2C69\\uA740\\uA742\\uA744\\uA7A2]","L":"[\\u004C\\u24C1\\uFF2C\\u013F\\u0139\\u013D\\u1E36\\u1E38\\u013B\\u1E3C\\u1E3A\\u0141\\u023D\\u2C62\\u2C60\\uA748\\uA746\\uA780]","LJ":"[\\u01C7]","Lj":"[\\u01C8]","M":"[\\u004D\\u24C2\\uFF2D\\u1E3E\\u1E40\\u1E42\\u2C6E\\u019C]","N":"[\\u004E\\u24C3\\uFF2E\\u01F8\\u0143\\u00D1\\u1E44\\u0147\\u1E46\\u0145\\u1E4A\\u1E48\\u0220\\u019D\\uA790\\uA7A4]","NJ":"[\\u01CA]","Nj":"[\\u01CB]","O":"[\\u004F\\u24C4\\uFF2F\\u00D2\\u00D3\\u00D4\\u1ED2\\u1ED0\\u1ED6\\u1ED4\\u00D5\\u1E4C\\u022C\\u1E4E\\u014C\\u1E50\\u1E52\\u014E\\u022E\\u0230\\u00D6\\u022A\\u1ECE\\u0150\\u01D1\\u020C\\u020E\\u01A0\\u1EDC\\u1EDA\\u1EE0\\u1EDE\\u1EE2\\u1ECC\\u1ED8\\u01EA\\u01EC\\u00D8\\u01FE\\u0186\\u019F\\uA74A\\uA74C]","OI":"[\\u01A2]","OO":"[\\uA74E]","OU":"[\\u0222]","P":"[\\u0050\\u24C5\\uFF30\\u1E54\\u1E56\\u01A4\\u2C63\\uA750\\uA752\\uA754]","Q":"[\\u0051\\u24C6\\uFF31\\uA756\\uA758\\u024A]","R":"[\\u0052\\u24C7\\uFF32\\u0154\\u1E58\\u0158\\u0210\\u0212\\u1E5A\\u1E5C\\u0156\\u1E5E\\u024C\\u2C64\\uA75A\\uA7A6\\uA782]","S":"[\\u0053\\u24C8\\uFF33\\u1E9E\\u015A\\u1E64\\u015C\\u1E60\\u0160\\u1E66\\u1E62\\u1E68\\u0218\\u015E\\u2C7E\\uA7A8\\uA784]","T":"[\\u0054\\u24C9\\uFF34\\u1E6A\\u0164\\u1E6C\\u021A\\u0162\\u1E70\\u1E6E\\u0166\\u01AC\\u01AE\\u023E\\uA786]","TZ":"[\\uA728]","U":"[\\u0055\\u24CA\\uFF35\\u00D9\\u00DA\\u00DB\\u0168\\u1E78\\u016A\\u1E7A\\u016C\\u00DC\\u01DB\\u01D7\\u01D5\\u01D9\\u1EE6\\u016E\\u0170\\u01D3\\u0214\\u0216\\u01AF\\u1EEA\\u1EE8\\u1EEE\\u1EEC\\u1EF0\\u1EE4\\u1E72\\u0172\\u1E76\\u1E74\\u0244]","V":"[\\u0056\\u24CB\\uFF36\\u1E7C\\u1E7E\\u01B2\\uA75E\\u0245]","VY":"[\\uA760]","W":"[\\u0057\\u24CC\\uFF37\\u1E80\\u1E82\\u0174\\u1E86\\u1E84\\u1E88\\u2C72]","X":"[\\u0058\\u24CD\\uFF38\\u1E8A\\u1E8C]","Y":"[\\u0059\\u24CE\\uFF39\\u1EF2\\u00DD\\u0176\\u1EF8\\u0232\\u1E8E\\u0178\\u1EF6\\u1EF4\\u01B3\\u024E\\u1EFE]","Z":"[\\u005A\\u24CF\\uFF3A\\u0179\\u1E90\\u017B\\u017D\\u1E92\\u1E94\\u01B5\\u0224\\u2C7F\\u2C6B\\uA762]","a":"[\\u0061\\u24D0\\uFF41\\u1E9A\\u00E0\\u00E1\\u00E2\\u1EA7\\u1EA5\\u1EAB\\u1EA9\\u00E3\\u0101\\u0103\\u1EB1\\u1EAF\\u1EB5\\u1EB3\\u0227\\u01E1\\u00E4\\u01DF\\u1EA3\\u00E5\\u01FB\\u01CE\\u0201\\u0203\\u1EA1\\u1EAD\\u1EB7\\u1E01\\u0105\\u2C65\\u0250]","aa":"[\\uA733]","ae":"[\\u00E6\\u01FD\\u01E3]","ao":"[\\uA735]","au":"[\\uA737]","av":"[\\uA739\\uA73B]","ay":"[\\uA73D]","b":"[\\u0062\\u24D1\\uFF42\\u1E03\\u1E05\\u1E07\\u0180\\u0183\\u0253]","c":"[\\u0063\\u24D2\\uFF43\\u0107\\u0109\\u010B\\u010D\\u00E7\\u1E09\\u0188\\u023C\\uA73F\\u2184]","d":"[\\u0064\\u24D3\\uFF44\\u1E0B\\u010F\\u1E0D\\u1E11\\u1E13\\u1E0F\\u0111\\u018C\\u0256\\u0257\\uA77A]","dz":"[\\u01F3\\u01C6]","e":"[\\u0065\\u24D4\\uFF45\\u00E8\\u00E9\\u00EA\\u1EC1\\u1EBF\\u1EC5\\u1EC3\\u1EBD\\u0113\\u1E15\\u1E17\\u0115\\u0117\\u00EB\\u1EBB\\u011B\\u0205\\u0207\\u1EB9\\u1EC7\\u0229\\u1E1D\\u0119\\u1E19\\u1E1B\\u0247\\u025B\\u01DD]","f":"[\\u0066\\u24D5\\uFF46\\u1E1F\\u0192\\uA77C]","g":"[\\u0067\\u24D6\\uFF47\\u01F5\\u011D\\u1E21\\u011F\\u0121\\u01E7\\u0123\\u01E5\\u0260\\uA7A1\\u1D79\\uA77F]","h":"[\\u0068\\u24D7\\uFF48\\u0125\\u1E23\\u1E27\\u021F\\u1E25\\u1E29\\u1E2B\\u1E96\\u0127\\u2C68\\u2C76\\u0265]","hv":"[\\u0195]","i":"[\\u0069\\u24D8\\uFF49\\u00EC\\u00ED\\u00EE\\u0129\\u012B\\u012D\\u00EF\\u1E2F\\u1EC9\\u01D0\\u0209\\u020B\\u1ECB\\u012F\\u1E2D\\u0268\\u0131]","j":"[\\u006A\\u24D9\\uFF4A\\u0135\\u01F0\\u0249]","k":"[\\u006B\\u24DA\\uFF4B\\u1E31\\u01E9\\u1E33\\u0137\\u1E35\\u0199\\u2C6A\\uA741\\uA743\\uA745\\uA7A3]","l":"[\\u006C\\u24DB\\uFF4C\\u0140\\u013A\\u013E\\u1E37\\u1E39\\u013C\\u1E3D\\u1E3B\\u017F\\u0142\\u019A\\u026B\\u2C61\\uA749\\uA781\\uA747]","lj":"[\\u01C9]","m":"[\\u006D\\u24DC\\uFF4D\\u1E3F\\u1E41\\u1E43\\u0271\\u026F]","n":"[\\u006E\\u24DD\\uFF4E\\u01F9\\u0144\\u00F1\\u1E45\\u0148\\u1E47\\u0146\\u1E4B\\u1E49\\u019E\\u0272\\u0149\\uA791\\uA7A5]","nj":"[\\u01CC]","o":"[\\u006F\\u24DE\\uFF4F\\u00F2\\u00F3\\u00F4\\u1ED3\\u1ED1\\u1ED7\\u1ED5\\u00F5\\u1E4D\\u022D\\u1E4F\\u014D\\u1E51\\u1E53\\u014F\\u022F\\u0231\\u00F6\\u022B\\u1ECF\\u0151\\u01D2\\u020D\\u020F\\u01A1\\u1EDD\\u1EDB\\u1EE1\\u1EDF\\u1EE3\\u1ECD\\u1ED9\\u01EB\\u01ED\\u00F8\\u01FF\\u0254\\uA74B\\uA74D\\u0275]","oi":"[\\u01A3]","ou":"[\\u0223]","oo":"[\\uA74F]","p":"[\\u0070\\u24DF\\uFF50\\u1E55\\u1E57\\u01A5\\u1D7D\\uA751\\uA753\\uA755]","q":"[\\u0071\\u24E0\\uFF51\\u024B\\uA757\\uA759]","r":"[\\u0072\\u24E1\\uFF52\\u0155\\u1E59\\u0159\\u0211\\u0213\\u1E5B\\u1E5D\\u0157\\u1E5F\\u024D\\u027D\\uA75B\\uA7A7\\uA783]","s":"[\\u0073\\u24E2\\uFF53\\u015B\\u1E65\\u015D\\u1E61\\u0161\\u1E67\\u1E63\\u1E69\\u0219\\u015F\\u023F\\uA7A9\\uA785\\u1E9B]","ss":"[\\u00DF]","t":"[\\u0074\\u24E3\\uFF54\\u1E6B\\u1E97\\u0165\\u1E6D\\u021B\\u0163\\u1E71\\u1E6F\\u0167\\u01AD\\u0288\\u2C66\\uA787]","tz":"[\\uA729]","u":"[\\u0075\\u24E4\\uFF55\\u00F9\\u00FA\\u00FB\\u0169\\u1E79\\u016B\\u1E7B\\u016D\\u00FC\\u01DC\\u01D8\\u01D6\\u01DA\\u1EE7\\u016F\\u0171\\u01D4\\u0215\\u0217\\u01B0\\u1EEB\\u1EE9\\u1EEF\\u1EED\\u1EF1\\u1EE5\\u1E73\\u0173\\u1E77\\u1E75\\u0289]","v":"[\\u0076\\u24E5\\uFF56\\u1E7D\\u1E7F\\u028B\\uA75F\\u028C]","vy":"[\\uA761]","w":"[\\u0077\\u24E6\\uFF57\\u1E81\\u1E83\\u0175\\u1E87\\u1E85\\u1E98\\u1E89\\u2C73]","x":"[\\u0078\\u24E7\\uFF58\\u1E8B\\u1E8D]","y":"[\\u0079\\u24E8\\uFF59\\u1EF3\\u00FD\\u0177\\u1EF9\\u0233\\u1E8F\\u00FF\\u1EF7\\u1E99\\u1EF5\\u01B4\\u024F\\u1EFF]","z":"[\\u007A\\u24E9\\uFF5A\\u017A\\u1E91\\u017C\\u017E\\u1E93\\u1E95\\u01B6\\u0225\\u0240\\u2C6C\\uA763]"},"researchesTests":["contentHasTOC","contentHasShortParagraphs","contentHasAssets","keywordInTitle","keywordInMetaDescription","keywordInPermalink","keywordIn10Percent","keywordInContent","keywordInSubheadings","keywordInImageAlt","keywordDensity","keywordNotUsed","lengthContent","lengthPermalink","linksHasInternal","linksHasExternals","linksNotAllExternals","titleStartWithKeyword","titleSentiment","titleHasPowerWords","titleHasNumber","hasContentAI"],"hasRedirection":true,"hasBreadcrumb":false},"homeUrl":"https:\/\/realeast.biz\/tr","objectID":9232,"objectType":"post","locale":"tr","localeFull":"tr_TR","overlayImages":{"play":{"name":"Oynatma simgesi","url":"https:\/\/realeast.biz\/wp-content\/plugins\/seo-by-rank-math\/assets\/admin\/img\/icon-play.png","path":"\/var\/www\/admin\/data\/www\/realeast.biz\/wp-content\/plugins\/seo-by-rank-math\/assets\/admin\/img\/icon-play.png","position":"middle_center"},"gif":{"name":"GIF simgesi","url":"https:\/\/realeast.biz\/wp-content\/plugins\/seo-by-rank-math\/assets\/admin\/img\/icon-gif.png","path":"\/var\/www\/admin\/data\/www\/realeast.biz\/wp-content\/plugins\/seo-by-rank-math\/assets\/admin\/img\/icon-gif.png","position":"middle_center"}},"defautOgImage":"https:\/\/realeast.biz\/wp-content\/uploads\/2021\/04\/af0e306d-938b-485d-9dcf-78e53643ab93.jpg","customPermalinks":true,"isUserRegistered":true,"autoSuggestKeywords":true,"connectSiteUrl":"https:\/\/rankmath.com\/auth?site=https%3A%2F%2Frealeast.biz%2Ftr&r=https%3A%2F%2Frealeast.biz%2Ftr%2Fwp-json%2Fwp%2Fv2%2Fpages%2F9232%3Fnonce%3Dba6be38f18&pro=1","maxTags":100,"trendsIcon":"<svg viewBox=\"0 0 610 610\"><path d=\"M18.85,446,174.32,290.48l58.08,58.08L76.93,504a14.54,14.54,0,0,1-20.55,0L18.83,466.48a14.54,14.54,0,0,1,0-20.55Z\" style=\"fill:#4285f4\"\/><path d=\"M242.65,242.66,377.59,377.6l-47.75,47.75a14.54,14.54,0,0,1-20.55,0L174.37,290.43l47.75-47.75A14.52,14.52,0,0,1,242.65,242.66Z\" style=\"fill:#ea4335\"\/><polygon points=\"319.53 319.53 479.26 159.8 537.34 217.88 377.61 377.62 319.53 319.53\" style=\"fill:#fabb05\"\/><path d=\"M594.26,262.73V118.61h0a16.94,16.94,0,0,0-16.94-16.94H433.2a16.94,16.94,0,0,0-12,28.92L565.34,274.71h0a16.94,16.94,0,0,0,28.92-12Z\" style=\"fill:#34a853\"\/><rect width=\"610\" height=\"610\" style=\"fill:none\"\/><\/svg>","showScore":true,"siteFavIcon":"https:\/\/realeast.biz\/wp-content\/uploads\/2022\/05\/cropped-logo-1-32x32.png","canUser":{"general":false,"advanced":false,"snippet":false,"social":false,"analysis":false,"analytics":false,"content_ai":false},"showKeywordIntent":true,"isPro":true,"is_front_page":false,"trendsUpgradeLink":"https:\/\/rankmath.com\/pricing\/?utm_source=Plugin&utm_medium=CE%20General%20Tab%20Trends&utm_campaign=WP","trendsUpgradeLabel":"Y\u00fckseltin","trendsPreviewImage":"https:\/\/realeast.biz\/wp-content\/plugins\/seo-by-rank-math\/assets\/admin\/img\/trends-preview.jpg","currentEditor":false,"homepageData":{"assessor":{"powerWords":[],"diacritics":true,"researchesTests":["contentHasTOC","contentHasShortParagraphs","contentHasAssets","keywordInTitle","keywordInMetaDescription","keywordInPermalink","keywordIn10Percent","keywordInContent","keywordInSubheadings","keywordInImageAlt","keywordDensity","keywordNotUsed","lengthContent","lengthPermalink","linksHasInternal","linksHasExternals","linksNotAllExternals","titleStartWithKeyword","titleSentiment","titleHasPowerWords","titleHasNumber","hasContentAI"],"hasBreadcrumb":false,"serpData":{"title":"[:ru]%sitename% %page% %sep% %sitedesc%[:]","description":"","titleTemplate":"%sitename% %page% %sep% %sitedesc%","descriptionTemplate":"","focusKeywords":"","breadcrumbTitle":"[:ru]Home[:tr]Home[:]","robots":{"index":true},"advancedRobots":{"max-snippet":false,"max-video-preview":false,"max-image-preview":false},"facebookTitle":"","facebookDescription":"","facebookImage":"","facebookImageID":""}}}},"_links":{"self":[{"href":"https:\/\/realeast.biz\/tr\/wp-json\/wp\/v2\/pages\/9232","targetHints":{"allow":["GET"]}}],"collection":[{"href":"https:\/\/realeast.biz\/tr\/wp-json\/wp\/v2\/pages"}],"about":[{"href":"https:\/\/realeast.biz\/tr\/wp-json\/wp\/v2\/types\/page"}],"author":[{"embeddable":true,"href":"https:\/\/realeast.biz\/tr\/wp-json\/wp\/v2\/users\/1"}],"replies":[{"embeddable":true,"href":"https:\/\/realeast.biz\/tr\/wp-json\/wp\/v2\/comments?post=9232"}],"version-history":[{"count":0,"href":"https:\/\/realeast.biz\/tr\/wp-json\/wp\/v2\/pages\/9232\/revisions"}],"wp:featuredmedia":[{"embeddable":true,"href":"https:\/\/realeast.biz\/tr\/wp-json\/wp\/v2\/media\/9239"}],"wp:attachment":[{"href":"https:\/\/realeast.biz\/tr\/wp-json\/wp\/v2\/media?parent=9232"}],"curies":[{"name":"wp","href":"https:\/\/api.w.org\/{rel}","templated":true}]}}